{"id":54,"date":"2021-10-30T19:55:12","date_gmt":"2021-10-30T18:55:12","guid":{"rendered":"https:\/\/bbp.international\/?post_type=product&#038;p=54"},"modified":"2022-01-22T12:05:31","modified_gmt":"2022-01-22T12:05:31","slug":"macbook-pro","status":"publish","type":"product","link":"https:\/\/bbp.international\/pt-br\/produto\/macbook-pro\/","title":{"rendered":"Macbook Pro"},"content":{"rendered":"<div id=\"uno\" class=\"dt-descripcion\">\n<p class=\"parrafo\"><span id=\"desc\" class=\"addReadMore showlesscontent\">O MacBook Pro \u00e9 um novo laptop da Apple de alto n\u00edvel que oferece um desempenho poderoso e uma experi\u00eancia incr\u00edvel. O <strong>novo M1 Chip, o poderoso processador atualizado e o Magic Keyboard o<\/strong> tornam perfeito. O teclado Magic possui <strong>mecanismo de interruptor de tesoura embaixo e estabilidade<\/strong> . O novo chip M1 Apple integra CPU, GPU e Neural Engine que maximiza o desempenho. A <strong>CPU de 8 n\u00facleos<\/strong> funciona perfeitamente sob carga de trabalho pesada e o desempenho de processamento mais r\u00e1pido aumenta a efici\u00eancia deste laptop.<\/span><\/p>\n<p>Gra\u00e7as ao 16 Core Neural Engine que melhora o processamento de imagem, oferece reconhecimento de voz, traz velocidade e automa\u00e7\u00e3o para an\u00e1lise de v\u00eddeo. Com <strong>bateria de no<\/strong> m\u00e1ximo <strong>20 horas, melhor tela Retina de 13 polegadas, Touch ID e capacidade de armazenamento dupla<\/strong> , certamente supera qualquer outro produto da Apple. Ele tamb\u00e9m possui a nova c\u00e2mera FaceTime HD 720p com qualidade de imagem mais n\u00edtida e n\u00edtida. O MacBook Pro tem portas Thunderbolt 3 \/ USB 4 e suporta perfeitamente <strong>Bluetooth 5.0 e Wi Fi 6<\/strong> . Al\u00e9m disso, o Three Mic Array da melhor qualidade de est\u00fadio oferece a melhor experi\u00eancia euf\u00f3rica em casa. <strong>Esta vers\u00e3o do MacBook \u00e9 a mais leve e fina, com bateria de longa dura\u00e7\u00e3o que garante \u00f3timo desempenho geral.<\/strong><\/p>\n<p>Todos os sistemas Pro.<br \/>\nO chip Apple M1 d\u00e1 ao MacBook Pro de 13 polegadas velocidade e pot\u00eancia inacredit\u00e1veis. Com desempenho de CPU de at\u00e9 2,8x. Velocidade gr\u00e1fica de at\u00e9 5x. Nosso mecanismo neural mais avan\u00e7ado para aprendizado de m\u00e1quina at\u00e9 11 vezes mais r\u00e1pido. E at\u00e9 20 horas de dura\u00e7\u00e3o da bateria &#8211; a mais longa de qualquer Mac de todos os tempos. \u00c9 nosso notebook profissional mais popular, levado a um n\u00edvel totalmente novo.<\/p>\n<p>Chip pequeno. Salto gigante.<\/p>\n<p>Est\u00e1 aqui. Nosso primeiro chip projetado especificamente para Mac. Embalado com surpreendentes 16 bilh\u00f5es de transistores, o sistema Apple M1 em um chip (SoC) integra a CPU, GPU, Motor Neural, E \/ S e muito mais em um \u00fanico chip min\u00fasculo. Com desempenho incr\u00edvel, tecnologias personalizadas e efici\u00eancia de energia l\u00edder do setor, 1 M1 n\u00e3o \u00e9 apenas o pr\u00f3ximo passo para o Mac &#8211; \u00e9 outro n\u00edvel completamente.<\/p>\n<p>CPU de 8 n\u00facleos Estamos em um chip de energia.<\/p>\n<p>O chip M1 torna o MacBook Pro incrivelmente r\u00e1pido e poderoso. Sua CPU de 8 n\u00facleos supera fluxos de trabalho complexos e cargas de trabalho pesadas, com desempenho de processamento at\u00e9 2,8x mais r\u00e1pido do que a gera\u00e7\u00e3o anterior2 &#8211; tudo com efici\u00eancia de energia inacredit\u00e1vel.<\/p>\n<p>GPU de 8 n\u00facleos<br \/>\nCria beleza como uma fera.<\/p>\n<p>A GPU de 8 n\u00facleos em M1 \u00e9 o processador gr\u00e1fico mais avan\u00e7ado que j\u00e1 constru\u00edmos. Per\u00edodo. E traz os gr\u00e1ficos integrados mais r\u00e1pidos do mundo em um computador pessoal, 7 proporcionando um aumento rid\u00edculo de 5x na pot\u00eancia gr\u00e1fica.<\/p>\n<p>Motor Neural de 16 n\u00facleos. Smarts, encontre velocidade. O aprendizad<span class=\"readMore\" title=\" ... Saiba mais\"> &#8230; Saiba mais<\/span><\/p>\n<p>Se procura um artigo de <strong>Port\u00e1teis<\/strong> de qualidade, ent\u00e3o a nossa gama de <strong>Port\u00e1teis<\/strong> vai certamente atender \u00e0s suas expectativas. Recomendamos-lhe <strong>Apple<\/strong> <strong>Port\u00e1til MacBook Pro 13\u00b4\u00b4 M1\/8GB\/256GB SSD<\/strong>, que se encontra dispon\u00edvel por <strong>9507.3237 R$<\/strong>. A <strong>techinn<\/strong> \u00e9 a melhor op\u00e7\u00e3o para comprar o seu equipamento <strong>eletr\u00f4nica e inform\u00e1tica<\/strong> ao melhor pre\u00e7o. Se encontrar <strong>Apple<\/strong> <strong>Port\u00e1til MacBook Pro 13\u00b4\u00b4 M1\/8GB\/256GB SSD<\/strong> a um valor mais baixo e publicamente afixado, n\u00f3s alinhamos o pre\u00e7o!<\/p>\n<\/div>","protected":false},"excerpt":{"rendered":"<p><span id=\"desc\" class=\"addReadMore showlesscontent\">O MacBook Pro \u00e9 um novo laptop da Apple de alto n\u00edvel que oferece um desempenho poderoso e uma experi\u00eancia incr\u00edvel. O <strong>novo M1 Chip, o poderoso processador atualizado e o Magic Keyboard o<\/strong> tornam perfeito. O teclado Magic possui <strong>mecanismo de interruptor de tesoura embaixo e estabilidade<\/strong> . O novo chip M1 Apple integra CPU, GPU e Neural Engine que maximiza o desempenho. A <strong>CPU de 8 n\u00facleos<\/strong> funciona perfeitamente sob carga de trabalho pesada e o desempenho de processamento mais r\u00e1pido aumenta a efici\u00eancia deste laptop.<\/span><\/p>","protected":false},"featured_media":59,"comment_status":"open","ping_status":"closed","template":"","meta":[],"product_cat":[21],"product_tag":[],"class_list":["post-54","product","type-product","status-publish","has-post-thumbnail","hentry","product_cat-computadores-portateis"],"yoast_head":"<!-- This site is optimized with the Yoast SEO plugin v20.1 - https:\/\/yoast.com\/wordpress\/plugins\/seo\/ -->\n<title>Macbook Pro - BBP International<\/title>\n<meta name=\"robots\" content=\"index, follow, max-snippet:-1, max-image-preview:large, max-video-preview:-1\" \/>\n<link rel=\"canonical\" href=\"https:\/\/bbp.international\/pt-br\/produto\/macbook-pro\/\" \/>\n<meta property=\"og:locale\" content=\"pt_BR\" \/>\n<meta property=\"og:type\" content=\"article\" \/>\n<meta property=\"og:title\" content=\"Macbook Pro - BBP International\" \/>\n<meta property=\"og:description\" content=\"O MacBook Pro \u00e9 um novo laptop da Apple de alto n\u00edvel que oferece um desempenho poderoso e uma experi\u00eancia incr\u00edvel. O novo M1 Chip, o poderoso processador atualizado e o Magic Keyboard o tornam perfeito. O teclado Magic possui mecanismo de interruptor de tesoura embaixo e estabilidade . O novo chip M1 Apple integra CPU, GPU e Neural Engine que maximiza o desempenho. A CPU de 8 n\u00facleos funciona perfeitamente sob carga de trabalho pesada e o desempenho de processamento mais r\u00e1pido aumenta a efici\u00eancia deste laptop.\" \/>\n<meta property=\"og:url\" content=\"https:\/\/bbp.international\/pt-br\/produto\/macbook-pro\/\" \/>\n<meta property=\"og:site_name\" content=\"BBP International\" \/>\n<meta property=\"article:modified_time\" content=\"2022-01-22T12:05:31+00:00\" \/>\n<meta property=\"og:image\" content=\"https:\/\/bbp.international\/wp-content\/uploads\/2021\/10\/apple-portatil-macbook-pro-13-m1-8gb-256gb-ssd.jpg\" \/>\n\t<meta property=\"og:image:width\" content=\"1000\" \/>\n\t<meta property=\"og:image:height\" content=\"1000\" \/>\n\t<meta property=\"og:image:type\" content=\"image\/jpeg\" \/>\n<meta name=\"twitter:card\" content=\"summary_large_image\" \/>\n<meta name=\"twitter:label1\" content=\"Est. tempo de leitura\" \/>\n\t<meta name=\"twitter:data1\" content=\"3 minutos\" \/>\n<script type=\"application\/ld+json\" class=\"yoast-schema-graph\">{\"@context\":\"https:\/\/schema.org\",\"@graph\":[{\"@type\":\"WebPage\",\"@id\":\"https:\/\/bbp.international\/produto\/macbook-pro\/\",\"url\":\"https:\/\/bbp.international\/produto\/macbook-pro\/\",\"name\":\"Macbook Pro - BBP International\",\"isPartOf\":{\"@id\":\"https:\/\/bbp.international\/#website\"},\"datePublished\":\"2021-10-30T18:55:12+00:00\",\"dateModified\":\"2022-01-22T12:05:31+00:00\",\"breadcrumb\":{\"@id\":\"https:\/\/bbp.international\/produto\/macbook-pro\/#breadcrumb\"},\"inLanguage\":\"pt-BR\",\"potentialAction\":[{\"@type\":\"ReadAction\",\"target\":[\"https:\/\/bbp.international\/produto\/macbook-pro\/\"]}]},{\"@type\":\"BreadcrumbList\",\"@id\":\"https:\/\/bbp.international\/produto\/macbook-pro\/#breadcrumb\",\"itemListElement\":[{\"@type\":\"ListItem\",\"position\":1,\"name\":\"In\u00edcio\",\"item\":\"https:\/\/bbp.international\/\"},{\"@type\":\"ListItem\",\"position\":2,\"name\":\"Loja\",\"item\":\"https:\/\/bbp.international\/loja\/\"},{\"@type\":\"ListItem\",\"position\":3,\"name\":\"Macbook Pro\"}]},{\"@type\":\"WebSite\",\"@id\":\"https:\/\/bbp.international\/#website\",\"url\":\"https:\/\/bbp.international\/\",\"name\":\"BBP International Logistics Services\",\"description\":\"BBP International Logistics Services\",\"publisher\":{\"@id\":\"https:\/\/bbp.international\/#organization\"},\"potentialAction\":[{\"@type\":\"SearchAction\",\"target\":{\"@type\":\"EntryPoint\",\"urlTemplate\":\"https:\/\/bbp.international\/?s={search_term_string}\"},\"query-input\":\"required name=search_term_string\"}],\"inLanguage\":\"pt-BR\"},{\"@type\":\"Organization\",\"@id\":\"https:\/\/bbp.international\/#organization\",\"name\":\"BBP International Logistics Services\",\"url\":\"https:\/\/bbp.international\/\",\"logo\":{\"@type\":\"ImageObject\",\"inLanguage\":\"pt-BR\",\"@id\":\"https:\/\/bbp.international\/#\/schema\/logo\/image\/\",\"url\":\"https:\/\/bbp.international\/wp-content\/uploads\/2023\/08\/BBP-INTERNATIONAL-LOGO-1.png\",\"contentUrl\":\"https:\/\/bbp.international\/wp-content\/uploads\/2023\/08\/BBP-INTERNATIONAL-LOGO-1.png\",\"width\":595,\"height\":505,\"caption\":\"BBP International Logistics Services\"},\"image\":{\"@id\":\"https:\/\/bbp.international\/#\/schema\/logo\/image\/\"}}]}<\/script>\n<!-- \/ Yoast SEO plugin. -->","yoast_head_json":{"title":"Macbook Pro - BBP International","robots":{"index":"index","follow":"follow","max-snippet":"max-snippet:-1","max-image-preview":"max-image-preview:large","max-video-preview":"max-video-preview:-1"},"canonical":"https:\/\/bbp.international\/pt-br\/produto\/macbook-pro\/","og_locale":"pt_BR","og_type":"article","og_title":"Macbook Pro - BBP International","og_description":"O MacBook Pro \u00e9 um novo laptop da Apple de alto n\u00edvel que oferece um desempenho poderoso e uma experi\u00eancia incr\u00edvel. O novo M1 Chip, o poderoso processador atualizado e o Magic Keyboard o tornam perfeito. O teclado Magic possui mecanismo de interruptor de tesoura embaixo e estabilidade . O novo chip M1 Apple integra CPU, GPU e Neural Engine que maximiza o desempenho. A CPU de 8 n\u00facleos funciona perfeitamente sob carga de trabalho pesada e o desempenho de processamento mais r\u00e1pido aumenta a efici\u00eancia deste laptop.","og_url":"https:\/\/bbp.international\/pt-br\/produto\/macbook-pro\/","og_site_name":"BBP International","article_modified_time":"2022-01-22T12:05:31+00:00","og_image":[{"width":1000,"height":1000,"url":"https:\/\/bbp.international\/wp-content\/uploads\/2021\/10\/apple-portatil-macbook-pro-13-m1-8gb-256gb-ssd.jpg","type":"image\/jpeg"}],"twitter_card":"summary_large_image","twitter_misc":{"Est. tempo de leitura":"3 minutos"},"schema":{"@context":"https:\/\/schema.org","@graph":[{"@type":"WebPage","@id":"https:\/\/bbp.international\/produto\/macbook-pro\/","url":"https:\/\/bbp.international\/produto\/macbook-pro\/","name":"Macbook Pro - BBP International","isPartOf":{"@id":"https:\/\/bbp.international\/#website"},"datePublished":"2021-10-30T18:55:12+00:00","dateModified":"2022-01-22T12:05:31+00:00","breadcrumb":{"@id":"https:\/\/bbp.international\/produto\/macbook-pro\/#breadcrumb"},"inLanguage":"pt-BR","potentialAction":[{"@type":"ReadAction","target":["https:\/\/bbp.international\/produto\/macbook-pro\/"]}]},{"@type":"BreadcrumbList","@id":"https:\/\/bbp.international\/produto\/macbook-pro\/#breadcrumb","itemListElement":[{"@type":"ListItem","position":1,"name":"In\u00edcio","item":"https:\/\/bbp.international\/"},{"@type":"ListItem","position":2,"name":"Loja","item":"https:\/\/bbp.international\/loja\/"},{"@type":"ListItem","position":3,"name":"Macbook Pro"}]},{"@type":"WebSite","@id":"https:\/\/bbp.international\/#website","url":"https:\/\/bbp.international\/","name":"BBP International Logistics Services","description":"BBP International Logistics Services","publisher":{"@id":"https:\/\/bbp.international\/#organization"},"potentialAction":[{"@type":"SearchAction","target":{"@type":"EntryPoint","urlTemplate":"https:\/\/bbp.international\/?s={search_term_string}"},"query-input":"required name=search_term_string"}],"inLanguage":"pt-BR"},{"@type":"Organization","@id":"https:\/\/bbp.international\/#organization","name":"BBP International Logistics Services","url":"https:\/\/bbp.international\/","logo":{"@type":"ImageObject","inLanguage":"pt-BR","@id":"https:\/\/bbp.international\/#\/schema\/logo\/image\/","url":"https:\/\/bbp.international\/wp-content\/uploads\/2023\/08\/BBP-INTERNATIONAL-LOGO-1.png","contentUrl":"https:\/\/bbp.international\/wp-content\/uploads\/2023\/08\/BBP-INTERNATIONAL-LOGO-1.png","width":595,"height":505,"caption":"BBP International Logistics Services"},"image":{"@id":"https:\/\/bbp.international\/#\/schema\/logo\/image\/"}}]}},"_links":{"self":[{"href":"https:\/\/bbp.international\/pt-br\/wp-json\/wp\/v2\/product\/54","targetHints":{"allow":["GET"]}}],"collection":[{"href":"https:\/\/bbp.international\/pt-br\/wp-json\/wp\/v2\/product"}],"about":[{"href":"https:\/\/bbp.international\/pt-br\/wp-json\/wp\/v2\/types\/product"}],"replies":[{"embeddable":true,"href":"https:\/\/bbp.international\/pt-br\/wp-json\/wp\/v2\/comments?post=54"}],"wp:featuredmedia":[{"embeddable":true,"href":"https:\/\/bbp.international\/pt-br\/wp-json\/wp\/v2\/media\/59"}],"wp:attachment":[{"href":"https:\/\/bbp.international\/pt-br\/wp-json\/wp\/v2\/media?parent=54"}],"wp:term":[{"taxonomy":"product_cat","embeddable":true,"href":"https:\/\/bbp.international\/pt-br\/wp-json\/wp\/v2\/product_cat?post=54"},{"taxonomy":"product_tag","embeddable":true,"href":"https:\/\/bbp.international\/pt-br\/wp-json\/wp\/v2\/product_tag?post=54"}],"curies":[{"name":"wp","href":"https:\/\/api.w.org\/{rel}","templated":true}]}}