{"id":164,"date":"2021-11-23T13:17:09","date_gmt":"2021-11-23T13:17:09","guid":{"rendered":"https:\/\/bbp.international\/?post_type=product&#038;p=164"},"modified":"2025-04-13T13:36:38","modified_gmt":"2025-04-13T19:36:38","slug":"galaxy-s20","status":"publish","type":"product","link":"https:\/\/bbp.international\/pt-br\/produto\/galaxy-s20\/","title":{"rendered":"Galaxy S20"},"content":{"rendered":"<p>Fotografia profissional no seu bolso<br \/>\nDescubra infinitas possibilidades para suas fotos com as 3 c\u00e2meras principais de sua equipe. Teste sua criatividade e jogue com ilumina\u00e7\u00e3o, diferentes planos e efeitos para obter \u00f3timos resultados.<\/p>\n<p>Seu zoom h\u00edbrido \u00e9 perfeito para aqueles que amam os detalhes, pois integra o melhor do zoom \u00f3ptico e digital para que voc\u00ea possa se aproximar dele sem perda de qualidade.<\/p>\n<p>Experi\u00eancia visual incr\u00edvel<br \/>\nAssista \u00e0s suas s\u00e9ries e filmes favoritos com a melhor defini\u00e7\u00e3o na sua tela Dynamic AMOLED 2X de 6.2&#8243;. Desfrute de cores brilhantes e detalhes precisos em todo o seu conte\u00fado.<\/p>\n<p>Desbloqueio facial e de impress\u00e3o digital<br \/>\nM\u00e1xima seguran\u00e7a para que apenas voc\u00ea possa acessar o sua equipe. Voc\u00ea pode escolher entre o sensor de impress\u00e3o digital para ativar seu telefone com um toque, ou o reconhecimento facial que permite desbloquear at\u00e9 30% mais r\u00e1pido.<\/p>\n<p>Vida \u00fatil da bateria mais longa<br \/>\nDesconecte-se! Com a super bateria de 4000 mAh voc\u00ea ter\u00e1 energia por muito mais tempo para jogar, assistir s\u00e9ries ou trabalhar sem recarregar.<\/p>","protected":false},"excerpt":{"rendered":"<p>O Samsung S20 Dual SIM possui o novo sistema operacional Android 10 que incorpora respostas inteligentes e a\u00e7\u00f5es sugeridas para todos os seus aplicativos. Entre as suas v\u00e1rias funcionalidades ir\u00e1 encontrar o tema escuro, a navega\u00e7\u00e3o por gestos e o modo livre de distra\u00e7\u00e3o, para que voc\u00ea possa completar as suas tarefas enquanto desfruta ao m\u00e1ximo do seu dispositivo.<\/p>","protected":false},"featured_media":167,"comment_status":"open","ping_status":"closed","template":"","meta":[],"product_cat":[20],"product_tag":[],"class_list":["post-164","product","type-product","status-publish","has-post-thumbnail","hentry","product_cat-smartwatches"],"yoast_head":"<!-- This site is optimized with the Yoast SEO plugin v20.1 - https:\/\/yoast.com\/wordpress\/plugins\/seo\/ -->\n<title>Galaxy S20 - BBP International<\/title>\n<meta name=\"robots\" content=\"index, follow, max-snippet:-1, max-image-preview:large, max-video-preview:-1\" \/>\n<link rel=\"canonical\" href=\"https:\/\/bbp.international\/pt-br\/produto\/galaxy-s20\/\" \/>\n<meta property=\"og:locale\" content=\"pt_BR\" \/>\n<meta property=\"og:type\" content=\"article\" \/>\n<meta property=\"og:title\" content=\"Galaxy S20 - BBP International\" \/>\n<meta property=\"og:description\" content=\"O Samsung S20 Dual SIM possui o novo sistema operacional Android 10 que incorpora respostas inteligentes e a\u00e7\u00f5es sugeridas para todos os seus aplicativos. Entre as suas v\u00e1rias funcionalidades ir\u00e1 encontrar o tema escuro, a navega\u00e7\u00e3o por gestos e o modo livre de distra\u00e7\u00e3o, para que voc\u00ea possa completar as suas tarefas enquanto desfruta ao m\u00e1ximo do seu dispositivo.\" \/>\n<meta property=\"og:url\" content=\"https:\/\/bbp.international\/pt-br\/produto\/galaxy-s20\/\" \/>\n<meta property=\"og:site_name\" content=\"BBP International\" \/>\n<meta property=\"article:modified_time\" content=\"2025-04-13T19:36:38+00:00\" \/>\n<meta property=\"og:image\" content=\"https:\/\/bbp.international\/wp-content\/uploads\/2021\/11\/galaxy-s20-produto-700x700-1.png\" \/>\n\t<meta property=\"og:image:width\" content=\"700\" \/>\n\t<meta property=\"og:image:height\" content=\"700\" \/>\n\t<meta property=\"og:image:type\" content=\"image\/png\" \/>\n<meta name=\"twitter:card\" content=\"summary_large_image\" \/>\n<meta name=\"twitter:label1\" content=\"Est. tempo de leitura\" \/>\n\t<meta name=\"twitter:data1\" content=\"1 minuto\" \/>\n<script type=\"application\/ld+json\" class=\"yoast-schema-graph\">{\"@context\":\"https:\/\/schema.org\",\"@graph\":[{\"@type\":\"WebPage\",\"@id\":\"https:\/\/bbp.international\/produto\/galaxy-s20\/\",\"url\":\"https:\/\/bbp.international\/produto\/galaxy-s20\/\",\"name\":\"Galaxy S20 - BBP International\",\"isPartOf\":{\"@id\":\"https:\/\/bbp.international\/#website\"},\"datePublished\":\"2021-11-23T13:17:09+00:00\",\"dateModified\":\"2025-04-13T19:36:38+00:00\",\"breadcrumb\":{\"@id\":\"https:\/\/bbp.international\/produto\/galaxy-s20\/#breadcrumb\"},\"inLanguage\":\"pt-BR\",\"potentialAction\":[{\"@type\":\"ReadAction\",\"target\":[\"https:\/\/bbp.international\/produto\/galaxy-s20\/\"]}]},{\"@type\":\"BreadcrumbList\",\"@id\":\"https:\/\/bbp.international\/produto\/galaxy-s20\/#breadcrumb\",\"itemListElement\":[{\"@type\":\"ListItem\",\"position\":1,\"name\":\"In\u00edcio\",\"item\":\"https:\/\/bbp.international\/\"},{\"@type\":\"ListItem\",\"position\":2,\"name\":\"Loja\",\"item\":\"https:\/\/bbp.international\/loja\/\"},{\"@type\":\"ListItem\",\"position\":3,\"name\":\"Galaxy S20\"}]},{\"@type\":\"WebSite\",\"@id\":\"https:\/\/bbp.international\/#website\",\"url\":\"https:\/\/bbp.international\/\",\"name\":\"BBP International Logistics Services\",\"description\":\"BBP International Logistics Services\",\"publisher\":{\"@id\":\"https:\/\/bbp.international\/#organization\"},\"potentialAction\":[{\"@type\":\"SearchAction\",\"target\":{\"@type\":\"EntryPoint\",\"urlTemplate\":\"https:\/\/bbp.international\/?s={search_term_string}\"},\"query-input\":\"required name=search_term_string\"}],\"inLanguage\":\"pt-BR\"},{\"@type\":\"Organization\",\"@id\":\"https:\/\/bbp.international\/#organization\",\"name\":\"BBP International Logistics Services\",\"url\":\"https:\/\/bbp.international\/\",\"logo\":{\"@type\":\"ImageObject\",\"inLanguage\":\"pt-BR\",\"@id\":\"https:\/\/bbp.international\/#\/schema\/logo\/image\/\",\"url\":\"https:\/\/bbp.international\/wp-content\/uploads\/2023\/08\/BBP-INTERNATIONAL-LOGO-1.png\",\"contentUrl\":\"https:\/\/bbp.international\/wp-content\/uploads\/2023\/08\/BBP-INTERNATIONAL-LOGO-1.png\",\"width\":595,\"height\":505,\"caption\":\"BBP International Logistics Services\"},\"image\":{\"@id\":\"https:\/\/bbp.international\/#\/schema\/logo\/image\/\"}}]}<\/script>\n<!-- \/ Yoast SEO plugin. -->","yoast_head_json":{"title":"Galaxy S20 - BBP International","robots":{"index":"index","follow":"follow","max-snippet":"max-snippet:-1","max-image-preview":"max-image-preview:large","max-video-preview":"max-video-preview:-1"},"canonical":"https:\/\/bbp.international\/pt-br\/produto\/galaxy-s20\/","og_locale":"pt_BR","og_type":"article","og_title":"Galaxy S20 - BBP International","og_description":"O Samsung S20 Dual SIM possui o novo sistema operacional Android 10 que incorpora respostas inteligentes e a\u00e7\u00f5es sugeridas para todos os seus aplicativos. Entre as suas v\u00e1rias funcionalidades ir\u00e1 encontrar o tema escuro, a navega\u00e7\u00e3o por gestos e o modo livre de distra\u00e7\u00e3o, para que voc\u00ea possa completar as suas tarefas enquanto desfruta ao m\u00e1ximo do seu dispositivo.","og_url":"https:\/\/bbp.international\/pt-br\/produto\/galaxy-s20\/","og_site_name":"BBP International","article_modified_time":"2025-04-13T19:36:38+00:00","og_image":[{"width":700,"height":700,"url":"https:\/\/bbp.international\/wp-content\/uploads\/2021\/11\/galaxy-s20-produto-700x700-1.png","type":"image\/png"}],"twitter_card":"summary_large_image","twitter_misc":{"Est. tempo de leitura":"1 minuto"},"schema":{"@context":"https:\/\/schema.org","@graph":[{"@type":"WebPage","@id":"https:\/\/bbp.international\/produto\/galaxy-s20\/","url":"https:\/\/bbp.international\/produto\/galaxy-s20\/","name":"Galaxy S20 - BBP International","isPartOf":{"@id":"https:\/\/bbp.international\/#website"},"datePublished":"2021-11-23T13:17:09+00:00","dateModified":"2025-04-13T19:36:38+00:00","breadcrumb":{"@id":"https:\/\/bbp.international\/produto\/galaxy-s20\/#breadcrumb"},"inLanguage":"pt-BR","potentialAction":[{"@type":"ReadAction","target":["https:\/\/bbp.international\/produto\/galaxy-s20\/"]}]},{"@type":"BreadcrumbList","@id":"https:\/\/bbp.international\/produto\/galaxy-s20\/#breadcrumb","itemListElement":[{"@type":"ListItem","position":1,"name":"In\u00edcio","item":"https:\/\/bbp.international\/"},{"@type":"ListItem","position":2,"name":"Loja","item":"https:\/\/bbp.international\/loja\/"},{"@type":"ListItem","position":3,"name":"Galaxy S20"}]},{"@type":"WebSite","@id":"https:\/\/bbp.international\/#website","url":"https:\/\/bbp.international\/","name":"BBP International Logistics Services","description":"BBP International Logistics Services","publisher":{"@id":"https:\/\/bbp.international\/#organization"},"potentialAction":[{"@type":"SearchAction","target":{"@type":"EntryPoint","urlTemplate":"https:\/\/bbp.international\/?s={search_term_string}"},"query-input":"required name=search_term_string"}],"inLanguage":"pt-BR"},{"@type":"Organization","@id":"https:\/\/bbp.international\/#organization","name":"BBP International Logistics Services","url":"https:\/\/bbp.international\/","logo":{"@type":"ImageObject","inLanguage":"pt-BR","@id":"https:\/\/bbp.international\/#\/schema\/logo\/image\/","url":"https:\/\/bbp.international\/wp-content\/uploads\/2023\/08\/BBP-INTERNATIONAL-LOGO-1.png","contentUrl":"https:\/\/bbp.international\/wp-content\/uploads\/2023\/08\/BBP-INTERNATIONAL-LOGO-1.png","width":595,"height":505,"caption":"BBP International Logistics Services"},"image":{"@id":"https:\/\/bbp.international\/#\/schema\/logo\/image\/"}}]}},"_links":{"self":[{"href":"https:\/\/bbp.international\/pt-br\/wp-json\/wp\/v2\/product\/164","targetHints":{"allow":["GET"]}}],"collection":[{"href":"https:\/\/bbp.international\/pt-br\/wp-json\/wp\/v2\/product"}],"about":[{"href":"https:\/\/bbp.international\/pt-br\/wp-json\/wp\/v2\/types\/product"}],"replies":[{"embeddable":true,"href":"https:\/\/bbp.international\/pt-br\/wp-json\/wp\/v2\/comments?post=164"}],"wp:featuredmedia":[{"embeddable":true,"href":"https:\/\/bbp.international\/pt-br\/wp-json\/wp\/v2\/media\/167"}],"wp:attachment":[{"href":"https:\/\/bbp.international\/pt-br\/wp-json\/wp\/v2\/media?parent=164"}],"wp:term":[{"taxonomy":"product_cat","embeddable":true,"href":"https:\/\/bbp.international\/pt-br\/wp-json\/wp\/v2\/product_cat?post=164"},{"taxonomy":"product_tag","embeddable":true,"href":"https:\/\/bbp.international\/pt-br\/wp-json\/wp\/v2\/product_tag?post=164"}],"curies":[{"name":"wp","href":"https:\/\/api.w.org\/{rel}","templated":true}]}}