{"id":756,"date":"2023-02-15T02:42:29","date_gmt":"2023-02-15T09:42:29","guid":{"rendered":"https:\/\/bbp.international\/?page_id=756"},"modified":"2023-02-22T08:48:39","modified_gmt":"2023-02-22T15:48:39","slug":"products","status":"publish","type":"page","link":"https:\/\/bbp.international\/pt-br\/products\/","title":{"rendered":"Produtos"},"content":{"rendered":"<h2 class=\"wp-block-heading\">Oferecemos variados tipos de embalagens<\/h2>\n\n\n\n<h3 class=\"wp-block-heading\">Caixas<\/h3>\n\n\n\n<p>Caixas de papel\u00e3o refor\u00e7adas que t\u00eam cart\u00f5es dobr\u00e1veis com fecho de encaixe invertido.<\/p>\n\n\n\n<figure class=\"wp-block-image size-full\"><img loading=\"lazy\" decoding=\"async\" width=\"950\" height=\"215\" src=\"https:\/\/bbp.international\/wp-content\/uploads\/2023\/02\/image6.png\" alt=\"\" class=\"wp-image-757\" srcset=\"https:\/\/bbp.international\/wp-content\/uploads\/2023\/02\/image6.png 950w, https:\/\/bbp.international\/wp-content\/uploads\/2023\/02\/image6-300x68.png 300w, https:\/\/bbp.international\/wp-content\/uploads\/2023\/02\/image6-768x174.png 768w, https:\/\/bbp.international\/wp-content\/uploads\/2023\/02\/image6-18x4.png 18w, https:\/\/bbp.international\/wp-content\/uploads\/2023\/02\/image6-416x94.png 416w\" sizes=\"auto, (max-width: 950px) 100vw, 950px\" \/><\/figure>\n\n\n\n<h3 class=\"wp-block-heading\">Papel de embalagem<\/h3>\n\n\n\n<p> Fornece suporte e prote\u00e7\u00e3o quando enrolado em torno de produtos.<\/p>\n\n\n\n<figure class=\"wp-block-image size-full\"><img loading=\"lazy\" decoding=\"async\" width=\"255\" height=\"198\" src=\"https:\/\/bbp.international\/wp-content\/uploads\/2023\/02\/image8.png\" alt=\"\" class=\"wp-image-758\" srcset=\"https:\/\/bbp.international\/wp-content\/uploads\/2023\/02\/image8.png 255w, https:\/\/bbp.international\/wp-content\/uploads\/2023\/02\/image8-15x12.png 15w\" sizes=\"auto, (max-width: 255px) 100vw, 255px\" \/><\/figure>\n\n\n\n<h3 class=\"wp-block-heading\">Embrulho verde<\/h3>\n\n\n\n<p>O papel alveolar \u00e9 enviado plano e expande-se atrav\u00e9s de um dispensador para criar um amortecedor mold\u00e1vel.<\/p>\n\n\n\n<figure class=\"wp-block-image size-full\"><img loading=\"lazy\" decoding=\"async\" width=\"225\" height=\"225\" src=\"https:\/\/bbp.international\/wp-content\/uploads\/2023\/02\/image4.png\" alt=\"\" class=\"wp-image-759\" srcset=\"https:\/\/bbp.international\/wp-content\/uploads\/2023\/02\/image4.png 225w, https:\/\/bbp.international\/wp-content\/uploads\/2023\/02\/image4-150x150.png 150w, https:\/\/bbp.international\/wp-content\/uploads\/2023\/02\/image4-12x12.png 12w, https:\/\/bbp.international\/wp-content\/uploads\/2023\/02\/image4-100x100.png 100w\" sizes=\"auto, (max-width: 225px) 100vw, 225px\" \/><\/figure>\n\n\n\n<h3 class=\"wp-block-heading\">Filme stretch<\/h3>\n\n\n\n<p> O conte\u00fado p\u00f3s-consumo no nosso filme stretch  \u00e9 exclusivamente derivado do filme de PEBD em vez de PEAD r\u00edgido.<\/p>\n\n\n\n<figure class=\"wp-block-image size-medium\"><img loading=\"lazy\" decoding=\"async\" width=\"300\" height=\"300\" src=\"https:\/\/bbp.international\/wp-content\/uploads\/2023\/02\/image5-300x300.png\" alt=\"\" class=\"wp-image-760\" srcset=\"https:\/\/bbp.international\/wp-content\/uploads\/2023\/02\/image5-300x300.png 300w, https:\/\/bbp.international\/wp-content\/uploads\/2023\/02\/image5-150x150.png 150w, https:\/\/bbp.international\/wp-content\/uploads\/2023\/02\/image5-12x12.png 12w, https:\/\/bbp.international\/wp-content\/uploads\/2023\/02\/image5-324x324.png 324w, https:\/\/bbp.international\/wp-content\/uploads\/2023\/02\/image5-416x416.png 416w, https:\/\/bbp.international\/wp-content\/uploads\/2023\/02\/image5-100x100.png 100w, https:\/\/bbp.international\/wp-content\/uploads\/2023\/02\/image5.png 500w\" sizes=\"auto, (max-width: 300px) 100vw, 300px\" \/><\/figure>\n\n\n\n<h3 class=\"wp-block-heading\">Fita<\/h3>\n\n\n\n<p>Fita Kraft: Uma mistura \u00fanica de suporte de papel e adesivo de borracha natural e sint\u00e9tica, sens\u00edvel \u00e0 press\u00e3o e f\u00e1cil de rasgar.<\/p>\n\n\n\n<p>Fita adesiva: Uma base de celofane com um adesivo de borracha natural e sint\u00e9tica. \u00c9 \u00fanica e inteiramente derivada de plantas, renov\u00e1vel, e compost\u00e1vel industrialmente.<\/p>\n\n\n\n<figure class=\"wp-block-image size-medium\"><img loading=\"lazy\" decoding=\"async\" width=\"300\" height=\"300\" src=\"https:\/\/bbp.international\/wp-content\/uploads\/2023\/02\/image7-300x300.png\" alt=\"\" class=\"wp-image-761\" srcset=\"https:\/\/bbp.international\/wp-content\/uploads\/2023\/02\/image7-300x300.png 300w, https:\/\/bbp.international\/wp-content\/uploads\/2023\/02\/image7-150x150.png 150w, https:\/\/bbp.international\/wp-content\/uploads\/2023\/02\/image7-12x12.png 12w, https:\/\/bbp.international\/wp-content\/uploads\/2023\/02\/image7-324x324.png 324w, https:\/\/bbp.international\/wp-content\/uploads\/2023\/02\/image7-416x416.png 416w, https:\/\/bbp.international\/wp-content\/uploads\/2023\/02\/image7-100x100.png 100w, https:\/\/bbp.international\/wp-content\/uploads\/2023\/02\/image7.png 500w\" sizes=\"auto, (max-width: 300px) 100vw, 300px\" \/><\/figure>\n\n\n\n<h3 class=\"wp-block-heading\">Materiais reciclados<\/h3>\n\n\n\n<p>Todos os produtos s\u00e3o feitos com materiais reciclados.<\/p>\n\n\n\n<figure class=\"wp-block-image size-full\"><img loading=\"lazy\" decoding=\"async\" width=\"299\" height=\"300\" src=\"https:\/\/bbp.international\/wp-content\/uploads\/2023\/02\/image1-1.png\" alt=\"\" class=\"wp-image-762\" srcset=\"https:\/\/bbp.international\/wp-content\/uploads\/2023\/02\/image1-1.png 299w, https:\/\/bbp.international\/wp-content\/uploads\/2023\/02\/image1-1-150x150.png 150w, https:\/\/bbp.international\/wp-content\/uploads\/2023\/02\/image1-1-12x12.png 12w, https:\/\/bbp.international\/wp-content\/uploads\/2023\/02\/image1-1-100x100.png 100w\" sizes=\"auto, (max-width: 299px) 100vw, 299px\" \/><\/figure>","protected":false},"excerpt":{"rendered":"<p>We offer a varied of packaging products for you to purchase Cardboard boxes Strong paperboard boxes that have folding cartons with reverse tuck closure. Packing Paper Provides bracing in a shipping box and light protection when wrapped around products. Greenwrap The honeycomb paper ships flat and expands through a dispenser to create moldable cushioning. Recycled [&hellip;]<\/p>","protected":false},"author":1,"featured_media":686,"parent":0,"menu_order":0,"comment_status":"closed","ping_status":"closed","template":"","meta":{"footnotes":""},"class_list":["post-756","page","type-page","status-publish","has-post-thumbnail","hentry"],"yoast_head":"<!-- This site is optimized with the Yoast SEO plugin v20.1 - https:\/\/yoast.com\/wordpress\/plugins\/seo\/ -->\n<title>Products - BBP International<\/title>\n<meta name=\"robots\" content=\"index, follow, max-snippet:-1, max-image-preview:large, max-video-preview:-1\" \/>\n<link rel=\"canonical\" href=\"https:\/\/bbp.international\/pt-br\/products\/\" \/>\n<meta property=\"og:locale\" content=\"pt_BR\" \/>\n<meta property=\"og:type\" content=\"article\" \/>\n<meta property=\"og:title\" content=\"Products - BBP International\" \/>\n<meta property=\"og:description\" content=\"We offer a varied of packaging products for you to purchase Cardboard boxes Strong paperboard boxes that have folding cartons with reverse tuck closure. Packing Paper Provides bracing in a shipping box and light protection when wrapped around products. Greenwrap The honeycomb paper ships flat and expands through a dispenser to create moldable cushioning. Recycled [&hellip;]\" \/>\n<meta property=\"og:url\" content=\"https:\/\/bbp.international\/pt-br\/products\/\" \/>\n<meta property=\"og:site_name\" content=\"BBP International\" \/>\n<meta property=\"article:modified_time\" content=\"2023-02-22T15:48:39+00:00\" \/>\n<meta property=\"og:image\" content=\"https:\/\/bbp.international\/wp-content\/uploads\/2023\/02\/Eco-Friendly-Main-Banner-1-e1676117926204.jpg\" \/>\n\t<meta property=\"og:image:width\" content=\"1920\" \/>\n\t<meta property=\"og:image:height\" content=\"326\" \/>\n\t<meta property=\"og:image:type\" content=\"image\/jpeg\" \/>\n<meta name=\"twitter:card\" content=\"summary_large_image\" \/>\n<meta name=\"twitter:label1\" content=\"Est. tempo de leitura\" \/>\n\t<meta name=\"twitter:data1\" content=\"1 minuto\" \/>\n<script type=\"application\/ld+json\" class=\"yoast-schema-graph\">{\"@context\":\"https:\/\/schema.org\",\"@graph\":[{\"@type\":\"WebPage\",\"@id\":\"https:\/\/bbp.international\/products\/\",\"url\":\"https:\/\/bbp.international\/products\/\",\"name\":\"Products - BBP International\",\"isPartOf\":{\"@id\":\"https:\/\/bbp.international\/#website\"},\"datePublished\":\"2023-02-15T09:42:29+00:00\",\"dateModified\":\"2023-02-22T15:48:39+00:00\",\"breadcrumb\":{\"@id\":\"https:\/\/bbp.international\/products\/#breadcrumb\"},\"inLanguage\":\"pt-BR\",\"potentialAction\":[{\"@type\":\"ReadAction\",\"target\":[\"https:\/\/bbp.international\/products\/\"]}]},{\"@type\":\"BreadcrumbList\",\"@id\":\"https:\/\/bbp.international\/products\/#breadcrumb\",\"itemListElement\":[{\"@type\":\"ListItem\",\"position\":1,\"name\":\"In\u00edcio\",\"item\":\"https:\/\/bbp.international\/\"},{\"@type\":\"ListItem\",\"position\":2,\"name\":\"Products\"}]},{\"@type\":\"WebSite\",\"@id\":\"https:\/\/bbp.international\/#website\",\"url\":\"https:\/\/bbp.international\/\",\"name\":\"BBP International Logistics Services\",\"description\":\"BBP International Logistics Services\",\"publisher\":{\"@id\":\"https:\/\/bbp.international\/#organization\"},\"potentialAction\":[{\"@type\":\"SearchAction\",\"target\":{\"@type\":\"EntryPoint\",\"urlTemplate\":\"https:\/\/bbp.international\/?s={search_term_string}\"},\"query-input\":\"required name=search_term_string\"}],\"inLanguage\":\"pt-BR\"},{\"@type\":\"Organization\",\"@id\":\"https:\/\/bbp.international\/#organization\",\"name\":\"BBP International Logistics Services\",\"url\":\"https:\/\/bbp.international\/\",\"logo\":{\"@type\":\"ImageObject\",\"inLanguage\":\"pt-BR\",\"@id\":\"https:\/\/bbp.international\/#\/schema\/logo\/image\/\",\"url\":\"https:\/\/bbp.international\/wp-content\/uploads\/2023\/08\/BBP-INTERNATIONAL-LOGO-1.png\",\"contentUrl\":\"https:\/\/bbp.international\/wp-content\/uploads\/2023\/08\/BBP-INTERNATIONAL-LOGO-1.png\",\"width\":595,\"height\":505,\"caption\":\"BBP International Logistics Services\"},\"image\":{\"@id\":\"https:\/\/bbp.international\/#\/schema\/logo\/image\/\"}}]}<\/script>\n<!-- \/ Yoast SEO plugin. -->","yoast_head_json":{"title":"Products - BBP International","robots":{"index":"index","follow":"follow","max-snippet":"max-snippet:-1","max-image-preview":"max-image-preview:large","max-video-preview":"max-video-preview:-1"},"canonical":"https:\/\/bbp.international\/pt-br\/products\/","og_locale":"pt_BR","og_type":"article","og_title":"Products - BBP International","og_description":"We offer a varied of packaging products for you to purchase Cardboard boxes Strong paperboard boxes that have folding cartons with reverse tuck closure. Packing Paper Provides bracing in a shipping box and light protection when wrapped around products. Greenwrap The honeycomb paper ships flat and expands through a dispenser to create moldable cushioning. Recycled [&hellip;]","og_url":"https:\/\/bbp.international\/pt-br\/products\/","og_site_name":"BBP International","article_modified_time":"2023-02-22T15:48:39+00:00","og_image":[{"width":1920,"height":326,"url":"https:\/\/bbp.international\/wp-content\/uploads\/2023\/02\/Eco-Friendly-Main-Banner-1-e1676117926204.jpg","type":"image\/jpeg"}],"twitter_card":"summary_large_image","twitter_misc":{"Est. tempo de leitura":"1 minuto"},"schema":{"@context":"https:\/\/schema.org","@graph":[{"@type":"WebPage","@id":"https:\/\/bbp.international\/products\/","url":"https:\/\/bbp.international\/products\/","name":"Products - BBP International","isPartOf":{"@id":"https:\/\/bbp.international\/#website"},"datePublished":"2023-02-15T09:42:29+00:00","dateModified":"2023-02-22T15:48:39+00:00","breadcrumb":{"@id":"https:\/\/bbp.international\/products\/#breadcrumb"},"inLanguage":"pt-BR","potentialAction":[{"@type":"ReadAction","target":["https:\/\/bbp.international\/products\/"]}]},{"@type":"BreadcrumbList","@id":"https:\/\/bbp.international\/products\/#breadcrumb","itemListElement":[{"@type":"ListItem","position":1,"name":"In\u00edcio","item":"https:\/\/bbp.international\/"},{"@type":"ListItem","position":2,"name":"Products"}]},{"@type":"WebSite","@id":"https:\/\/bbp.international\/#website","url":"https:\/\/bbp.international\/","name":"BBP International Logistics Services","description":"BBP International Logistics Services","publisher":{"@id":"https:\/\/bbp.international\/#organization"},"potentialAction":[{"@type":"SearchAction","target":{"@type":"EntryPoint","urlTemplate":"https:\/\/bbp.international\/?s={search_term_string}"},"query-input":"required name=search_term_string"}],"inLanguage":"pt-BR"},{"@type":"Organization","@id":"https:\/\/bbp.international\/#organization","name":"BBP International Logistics Services","url":"https:\/\/bbp.international\/","logo":{"@type":"ImageObject","inLanguage":"pt-BR","@id":"https:\/\/bbp.international\/#\/schema\/logo\/image\/","url":"https:\/\/bbp.international\/wp-content\/uploads\/2023\/08\/BBP-INTERNATIONAL-LOGO-1.png","contentUrl":"https:\/\/bbp.international\/wp-content\/uploads\/2023\/08\/BBP-INTERNATIONAL-LOGO-1.png","width":595,"height":505,"caption":"BBP International Logistics Services"},"image":{"@id":"https:\/\/bbp.international\/#\/schema\/logo\/image\/"}}]}},"_links":{"self":[{"href":"https:\/\/bbp.international\/pt-br\/wp-json\/wp\/v2\/pages\/756","targetHints":{"allow":["GET"]}}],"collection":[{"href":"https:\/\/bbp.international\/pt-br\/wp-json\/wp\/v2\/pages"}],"about":[{"href":"https:\/\/bbp.international\/pt-br\/wp-json\/wp\/v2\/types\/page"}],"author":[{"embeddable":true,"href":"https:\/\/bbp.international\/pt-br\/wp-json\/wp\/v2\/users\/1"}],"replies":[{"embeddable":true,"href":"https:\/\/bbp.international\/pt-br\/wp-json\/wp\/v2\/comments?post=756"}],"version-history":[{"count":12,"href":"https:\/\/bbp.international\/pt-br\/wp-json\/wp\/v2\/pages\/756\/revisions"}],"predecessor-version":[{"id":815,"href":"https:\/\/bbp.international\/pt-br\/wp-json\/wp\/v2\/pages\/756\/revisions\/815"}],"wp:featuredmedia":[{"embeddable":true,"href":"https:\/\/bbp.international\/pt-br\/wp-json\/wp\/v2\/media\/686"}],"wp:attachment":[{"href":"https:\/\/bbp.international\/pt-br\/wp-json\/wp\/v2\/media?parent=756"}],"curies":[{"name":"wp","href":"https:\/\/api.w.org\/{rel}","templated":true}]}}