{"id":672,"date":"2023-02-11T04:56:07","date_gmt":"2023-02-11T11:56:07","guid":{"rendered":"https:\/\/bbp.international\/?page_id=672"},"modified":"2023-02-16T17:52:57","modified_gmt":"2023-02-17T00:52:57","slug":"storage","status":"publish","type":"page","link":"https:\/\/bbp.international\/pt-br\/storage\/","title":{"rendered":"Armazenamento"},"content":{"rendered":"<p>BBP Internacional recebe mercadorias de in\u00fameros clientes e estes produtos s\u00e3o estocados em regime de armaz\u00e9m geral, isto \u00e9, podem ficar no dep\u00f3sito pelo tempo que for necess\u00e1rio. Quando h\u00e1 necessidade de entrega, n\u00f3s separamos os produtos, montando tamb\u00e9m a roteiriza\u00e7\u00e3o do percurso para que toda a mercadoria seja entregue no menor tempo poss\u00edvel e com o menor custo.<\/p>","protected":false},"excerpt":{"rendered":"<p>BBP International receives goods from several clients and these products are stored in a general warehouse regime, that is, they can stay in the warehouse for as long as necessary. When there is a need for delivery, we separate your products and assemble a route so that all of your goods are delivered in the [&hellip;]<\/p>","protected":false},"author":1,"featured_media":683,"parent":0,"menu_order":0,"comment_status":"closed","ping_status":"closed","template":"","meta":{"footnotes":""},"class_list":["post-672","page","type-page","status-publish","has-post-thumbnail","hentry"],"yoast_head":"<!-- This site is optimized with the Yoast SEO plugin v20.1 - https:\/\/yoast.com\/wordpress\/plugins\/seo\/ -->\n<title>Storage - BBP International<\/title>\n<meta name=\"robots\" content=\"index, follow, max-snippet:-1, max-image-preview:large, max-video-preview:-1\" \/>\n<link rel=\"canonical\" href=\"https:\/\/bbp.international\/pt-br\/storage\/\" \/>\n<meta property=\"og:locale\" content=\"pt_BR\" \/>\n<meta property=\"og:type\" content=\"article\" \/>\n<meta property=\"og:title\" content=\"Storage - BBP International\" \/>\n<meta property=\"og:description\" content=\"BBP International receives goods from several clients and these products are stored in a general warehouse regime, that is, they can stay in the warehouse for as long as necessary. When there is a need for delivery, we separate your products and assemble a route so that all of your goods are delivered in the [&hellip;]\" \/>\n<meta property=\"og:url\" content=\"https:\/\/bbp.international\/pt-br\/storage\/\" \/>\n<meta property=\"og:site_name\" content=\"BBP International\" \/>\n<meta property=\"article:modified_time\" content=\"2023-02-17T00:52:57+00:00\" \/>\n<meta property=\"og:image\" content=\"https:\/\/bbp.international\/wp-content\/uploads\/2023\/02\/armazem2-scaled-1-e1676117593376.jpg\" \/>\n\t<meta property=\"og:image:width\" content=\"2560\" \/>\n\t<meta property=\"og:image:height\" content=\"870\" \/>\n\t<meta property=\"og:image:type\" content=\"image\/jpeg\" \/>\n<meta name=\"twitter:card\" content=\"summary_large_image\" \/>\n<script type=\"application\/ld+json\" class=\"yoast-schema-graph\">{\"@context\":\"https:\/\/schema.org\",\"@graph\":[{\"@type\":\"WebPage\",\"@id\":\"https:\/\/bbp.international\/storage\/\",\"url\":\"https:\/\/bbp.international\/storage\/\",\"name\":\"Storage - BBP International\",\"isPartOf\":{\"@id\":\"https:\/\/bbp.international\/#website\"},\"datePublished\":\"2023-02-11T11:56:07+00:00\",\"dateModified\":\"2023-02-17T00:52:57+00:00\",\"breadcrumb\":{\"@id\":\"https:\/\/bbp.international\/storage\/#breadcrumb\"},\"inLanguage\":\"pt-BR\",\"potentialAction\":[{\"@type\":\"ReadAction\",\"target\":[\"https:\/\/bbp.international\/storage\/\"]}]},{\"@type\":\"BreadcrumbList\",\"@id\":\"https:\/\/bbp.international\/storage\/#breadcrumb\",\"itemListElement\":[{\"@type\":\"ListItem\",\"position\":1,\"name\":\"In\u00edcio\",\"item\":\"https:\/\/bbp.international\/\"},{\"@type\":\"ListItem\",\"position\":2,\"name\":\"Storage\"}]},{\"@type\":\"WebSite\",\"@id\":\"https:\/\/bbp.international\/#website\",\"url\":\"https:\/\/bbp.international\/\",\"name\":\"BBP International Logistics Services\",\"description\":\"BBP International Logistics Services\",\"publisher\":{\"@id\":\"https:\/\/bbp.international\/#organization\"},\"potentialAction\":[{\"@type\":\"SearchAction\",\"target\":{\"@type\":\"EntryPoint\",\"urlTemplate\":\"https:\/\/bbp.international\/?s={search_term_string}\"},\"query-input\":\"required name=search_term_string\"}],\"inLanguage\":\"pt-BR\"},{\"@type\":\"Organization\",\"@id\":\"https:\/\/bbp.international\/#organization\",\"name\":\"BBP International Logistics Services\",\"url\":\"https:\/\/bbp.international\/\",\"logo\":{\"@type\":\"ImageObject\",\"inLanguage\":\"pt-BR\",\"@id\":\"https:\/\/bbp.international\/#\/schema\/logo\/image\/\",\"url\":\"https:\/\/bbp.international\/wp-content\/uploads\/2023\/08\/BBP-INTERNATIONAL-LOGO-1.png\",\"contentUrl\":\"https:\/\/bbp.international\/wp-content\/uploads\/2023\/08\/BBP-INTERNATIONAL-LOGO-1.png\",\"width\":595,\"height\":505,\"caption\":\"BBP International Logistics Services\"},\"image\":{\"@id\":\"https:\/\/bbp.international\/#\/schema\/logo\/image\/\"}}]}<\/script>\n<!-- \/ Yoast SEO plugin. -->","yoast_head_json":{"title":"Storage - BBP International","robots":{"index":"index","follow":"follow","max-snippet":"max-snippet:-1","max-image-preview":"max-image-preview:large","max-video-preview":"max-video-preview:-1"},"canonical":"https:\/\/bbp.international\/pt-br\/storage\/","og_locale":"pt_BR","og_type":"article","og_title":"Storage - BBP International","og_description":"BBP International receives goods from several clients and these products are stored in a general warehouse regime, that is, they can stay in the warehouse for as long as necessary. When there is a need for delivery, we separate your products and assemble a route so that all of your goods are delivered in the [&hellip;]","og_url":"https:\/\/bbp.international\/pt-br\/storage\/","og_site_name":"BBP International","article_modified_time":"2023-02-17T00:52:57+00:00","og_image":[{"width":2560,"height":870,"url":"https:\/\/bbp.international\/wp-content\/uploads\/2023\/02\/armazem2-scaled-1-e1676117593376.jpg","type":"image\/jpeg"}],"twitter_card":"summary_large_image","schema":{"@context":"https:\/\/schema.org","@graph":[{"@type":"WebPage","@id":"https:\/\/bbp.international\/storage\/","url":"https:\/\/bbp.international\/storage\/","name":"Storage - BBP International","isPartOf":{"@id":"https:\/\/bbp.international\/#website"},"datePublished":"2023-02-11T11:56:07+00:00","dateModified":"2023-02-17T00:52:57+00:00","breadcrumb":{"@id":"https:\/\/bbp.international\/storage\/#breadcrumb"},"inLanguage":"pt-BR","potentialAction":[{"@type":"ReadAction","target":["https:\/\/bbp.international\/storage\/"]}]},{"@type":"BreadcrumbList","@id":"https:\/\/bbp.international\/storage\/#breadcrumb","itemListElement":[{"@type":"ListItem","position":1,"name":"In\u00edcio","item":"https:\/\/bbp.international\/"},{"@type":"ListItem","position":2,"name":"Storage"}]},{"@type":"WebSite","@id":"https:\/\/bbp.international\/#website","url":"https:\/\/bbp.international\/","name":"BBP International Logistics Services","description":"BBP International Logistics Services","publisher":{"@id":"https:\/\/bbp.international\/#organization"},"potentialAction":[{"@type":"SearchAction","target":{"@type":"EntryPoint","urlTemplate":"https:\/\/bbp.international\/?s={search_term_string}"},"query-input":"required name=search_term_string"}],"inLanguage":"pt-BR"},{"@type":"Organization","@id":"https:\/\/bbp.international\/#organization","name":"BBP International Logistics Services","url":"https:\/\/bbp.international\/","logo":{"@type":"ImageObject","inLanguage":"pt-BR","@id":"https:\/\/bbp.international\/#\/schema\/logo\/image\/","url":"https:\/\/bbp.international\/wp-content\/uploads\/2023\/08\/BBP-INTERNATIONAL-LOGO-1.png","contentUrl":"https:\/\/bbp.international\/wp-content\/uploads\/2023\/08\/BBP-INTERNATIONAL-LOGO-1.png","width":595,"height":505,"caption":"BBP International Logistics Services"},"image":{"@id":"https:\/\/bbp.international\/#\/schema\/logo\/image\/"}}]}},"_links":{"self":[{"href":"https:\/\/bbp.international\/pt-br\/wp-json\/wp\/v2\/pages\/672","targetHints":{"allow":["GET"]}}],"collection":[{"href":"https:\/\/bbp.international\/pt-br\/wp-json\/wp\/v2\/pages"}],"about":[{"href":"https:\/\/bbp.international\/pt-br\/wp-json\/wp\/v2\/types\/page"}],"author":[{"embeddable":true,"href":"https:\/\/bbp.international\/pt-br\/wp-json\/wp\/v2\/users\/1"}],"replies":[{"embeddable":true,"href":"https:\/\/bbp.international\/pt-br\/wp-json\/wp\/v2\/comments?post=672"}],"version-history":[{"count":2,"href":"https:\/\/bbp.international\/pt-br\/wp-json\/wp\/v2\/pages\/672\/revisions"}],"predecessor-version":[{"id":805,"href":"https:\/\/bbp.international\/pt-br\/wp-json\/wp\/v2\/pages\/672\/revisions\/805"}],"wp:featuredmedia":[{"embeddable":true,"href":"https:\/\/bbp.international\/pt-br\/wp-json\/wp\/v2\/media\/683"}],"wp:attachment":[{"href":"https:\/\/bbp.international\/pt-br\/wp-json\/wp\/v2\/media?parent=672"}],"curies":[{"name":"wp","href":"https:\/\/api.w.org\/{rel}","templated":true}]}}