{"id":663,"date":"2023-02-11T04:51:32","date_gmt":"2023-02-11T11:51:32","guid":{"rendered":"https:\/\/bbp.international\/?page_id=663"},"modified":"2023-02-11T06:17:13","modified_gmt":"2023-02-11T13:17:13","slug":"air-transportation","status":"publish","type":"page","link":"https:\/\/bbp.international\/pt-br\/air-transportation\/","title":{"rendered":"Transporte A\u00e9reo"},"content":{"rendered":"<p>A BBP Internacional oferece uma rede completa concebida para proporcionar uma visibilidade, execu\u00e7\u00e3o, flexibilidade, capacidade de resposta e fiabilidade inigual\u00e1veis. Este servi\u00e7o especializado vai al\u00e9m e acima. Fornecemos entrega internacional devido \u00e0 nossa parceria com companhias a\u00e9reas, permitindo-nos entregar a sua mercadoria em qualquer parte do mundo.<\/p>","protected":false},"excerpt":{"rendered":"<p>A BBP Internacional oferece uma rede completa concebida para proporcionar uma visibilidade, execu\u00e7\u00e3o, flexibilidade, capacidade de resposta e fiabilidade inigual\u00e1veis. Este servi\u00e7o especializado vai al\u00e9m e acima. Fornecemos entrega internacional devido \u00e0 nossa parceria com companhias a\u00e9reas, permitindo-nos entregar a sua mercadoria em qualquer parte do mundo.<\/p>","protected":false},"author":1,"featured_media":690,"parent":0,"menu_order":0,"comment_status":"closed","ping_status":"closed","template":"","meta":{"footnotes":""},"class_list":["post-663","page","type-page","status-publish","has-post-thumbnail","hentry"],"yoast_head":"<!-- This site is optimized with the Yoast SEO plugin v20.1 - https:\/\/yoast.com\/wordpress\/plugins\/seo\/ -->\n<title>Air Transportation - BBP International<\/title>\n<meta name=\"robots\" content=\"index, follow, max-snippet:-1, max-image-preview:large, max-video-preview:-1\" \/>\n<link rel=\"canonical\" href=\"https:\/\/bbp.international\/pt-br\/air-transportation\/\" \/>\n<meta property=\"og:locale\" content=\"pt_BR\" \/>\n<meta property=\"og:type\" content=\"article\" \/>\n<meta property=\"og:title\" content=\"Air Transportation - BBP International\" \/>\n<meta property=\"og:description\" content=\"BBP International offers an all-inclusive end-to-end network designed to deliver unmatched visibility, execution, flexibility, responsiveness and reliability. This specialized service goes above and beyond. We provide international delivery due to our partnership with airlines, allowing us to deliver your merchandise anywhere in the world.\" \/>\n<meta property=\"og:url\" content=\"https:\/\/bbp.international\/pt-br\/air-transportation\/\" \/>\n<meta property=\"og:site_name\" content=\"BBP International\" \/>\n<meta property=\"article:modified_time\" content=\"2023-02-11T13:17:13+00:00\" \/>\n<meta property=\"og:image\" content=\"https:\/\/bbp.international\/wp-content\/uploads\/2023\/02\/virgin-cargo-e1676120703508.png\" \/>\n\t<meta property=\"og:image:width\" content=\"1400\" \/>\n\t<meta property=\"og:image:height\" content=\"318\" \/>\n\t<meta property=\"og:image:type\" content=\"image\/png\" \/>\n<meta name=\"twitter:card\" content=\"summary_large_image\" \/>\n<script type=\"application\/ld+json\" class=\"yoast-schema-graph\">{\"@context\":\"https:\/\/schema.org\",\"@graph\":[{\"@type\":\"WebPage\",\"@id\":\"https:\/\/bbp.international\/air-transportation\/\",\"url\":\"https:\/\/bbp.international\/air-transportation\/\",\"name\":\"Air Transportation - BBP International\",\"isPartOf\":{\"@id\":\"https:\/\/bbp.international\/#website\"},\"datePublished\":\"2023-02-11T11:51:32+00:00\",\"dateModified\":\"2023-02-11T13:17:13+00:00\",\"breadcrumb\":{\"@id\":\"https:\/\/bbp.international\/air-transportation\/#breadcrumb\"},\"inLanguage\":\"pt-BR\",\"potentialAction\":[{\"@type\":\"ReadAction\",\"target\":[\"https:\/\/bbp.international\/air-transportation\/\"]}]},{\"@type\":\"BreadcrumbList\",\"@id\":\"https:\/\/bbp.international\/air-transportation\/#breadcrumb\",\"itemListElement\":[{\"@type\":\"ListItem\",\"position\":1,\"name\":\"In\u00edcio\",\"item\":\"https:\/\/bbp.international\/\"},{\"@type\":\"ListItem\",\"position\":2,\"name\":\"Air Transportation\"}]},{\"@type\":\"WebSite\",\"@id\":\"https:\/\/bbp.international\/#website\",\"url\":\"https:\/\/bbp.international\/\",\"name\":\"BBP International Logistics Services\",\"description\":\"BBP International Logistics Services\",\"publisher\":{\"@id\":\"https:\/\/bbp.international\/#organization\"},\"potentialAction\":[{\"@type\":\"SearchAction\",\"target\":{\"@type\":\"EntryPoint\",\"urlTemplate\":\"https:\/\/bbp.international\/?s={search_term_string}\"},\"query-input\":\"required name=search_term_string\"}],\"inLanguage\":\"pt-BR\"},{\"@type\":\"Organization\",\"@id\":\"https:\/\/bbp.international\/#organization\",\"name\":\"BBP International Logistics Services\",\"url\":\"https:\/\/bbp.international\/\",\"logo\":{\"@type\":\"ImageObject\",\"inLanguage\":\"pt-BR\",\"@id\":\"https:\/\/bbp.international\/#\/schema\/logo\/image\/\",\"url\":\"https:\/\/bbp.international\/wp-content\/uploads\/2023\/08\/BBP-INTERNATIONAL-LOGO-1.png\",\"contentUrl\":\"https:\/\/bbp.international\/wp-content\/uploads\/2023\/08\/BBP-INTERNATIONAL-LOGO-1.png\",\"width\":595,\"height\":505,\"caption\":\"BBP International Logistics Services\"},\"image\":{\"@id\":\"https:\/\/bbp.international\/#\/schema\/logo\/image\/\"}}]}<\/script>\n<!-- \/ Yoast SEO plugin. -->","yoast_head_json":{"title":"Air Transportation - BBP International","robots":{"index":"index","follow":"follow","max-snippet":"max-snippet:-1","max-image-preview":"max-image-preview:large","max-video-preview":"max-video-preview:-1"},"canonical":"https:\/\/bbp.international\/pt-br\/air-transportation\/","og_locale":"pt_BR","og_type":"article","og_title":"Air Transportation - BBP International","og_description":"BBP International offers an all-inclusive end-to-end network designed to deliver unmatched visibility, execution, flexibility, responsiveness and reliability. This specialized service goes above and beyond. We provide international delivery due to our partnership with airlines, allowing us to deliver your merchandise anywhere in the world.","og_url":"https:\/\/bbp.international\/pt-br\/air-transportation\/","og_site_name":"BBP International","article_modified_time":"2023-02-11T13:17:13+00:00","og_image":[{"width":1400,"height":318,"url":"https:\/\/bbp.international\/wp-content\/uploads\/2023\/02\/virgin-cargo-e1676120703508.png","type":"image\/png"}],"twitter_card":"summary_large_image","schema":{"@context":"https:\/\/schema.org","@graph":[{"@type":"WebPage","@id":"https:\/\/bbp.international\/air-transportation\/","url":"https:\/\/bbp.international\/air-transportation\/","name":"Air Transportation - BBP International","isPartOf":{"@id":"https:\/\/bbp.international\/#website"},"datePublished":"2023-02-11T11:51:32+00:00","dateModified":"2023-02-11T13:17:13+00:00","breadcrumb":{"@id":"https:\/\/bbp.international\/air-transportation\/#breadcrumb"},"inLanguage":"pt-BR","potentialAction":[{"@type":"ReadAction","target":["https:\/\/bbp.international\/air-transportation\/"]}]},{"@type":"BreadcrumbList","@id":"https:\/\/bbp.international\/air-transportation\/#breadcrumb","itemListElement":[{"@type":"ListItem","position":1,"name":"In\u00edcio","item":"https:\/\/bbp.international\/"},{"@type":"ListItem","position":2,"name":"Air Transportation"}]},{"@type":"WebSite","@id":"https:\/\/bbp.international\/#website","url":"https:\/\/bbp.international\/","name":"BBP International Logistics Services","description":"BBP International Logistics Services","publisher":{"@id":"https:\/\/bbp.international\/#organization"},"potentialAction":[{"@type":"SearchAction","target":{"@type":"EntryPoint","urlTemplate":"https:\/\/bbp.international\/?s={search_term_string}"},"query-input":"required name=search_term_string"}],"inLanguage":"pt-BR"},{"@type":"Organization","@id":"https:\/\/bbp.international\/#organization","name":"BBP International Logistics Services","url":"https:\/\/bbp.international\/","logo":{"@type":"ImageObject","inLanguage":"pt-BR","@id":"https:\/\/bbp.international\/#\/schema\/logo\/image\/","url":"https:\/\/bbp.international\/wp-content\/uploads\/2023\/08\/BBP-INTERNATIONAL-LOGO-1.png","contentUrl":"https:\/\/bbp.international\/wp-content\/uploads\/2023\/08\/BBP-INTERNATIONAL-LOGO-1.png","width":595,"height":505,"caption":"BBP International Logistics Services"},"image":{"@id":"https:\/\/bbp.international\/#\/schema\/logo\/image\/"}}]}},"_links":{"self":[{"href":"https:\/\/bbp.international\/pt-br\/wp-json\/wp\/v2\/pages\/663","targetHints":{"allow":["GET"]}}],"collection":[{"href":"https:\/\/bbp.international\/pt-br\/wp-json\/wp\/v2\/pages"}],"about":[{"href":"https:\/\/bbp.international\/pt-br\/wp-json\/wp\/v2\/types\/page"}],"author":[{"embeddable":true,"href":"https:\/\/bbp.international\/pt-br\/wp-json\/wp\/v2\/users\/1"}],"replies":[{"embeddable":true,"href":"https:\/\/bbp.international\/pt-br\/wp-json\/wp\/v2\/comments?post=663"}],"version-history":[{"count":1,"href":"https:\/\/bbp.international\/pt-br\/wp-json\/wp\/v2\/pages\/663\/revisions"}],"predecessor-version":[{"id":664,"href":"https:\/\/bbp.international\/pt-br\/wp-json\/wp\/v2\/pages\/663\/revisions\/664"}],"wp:featuredmedia":[{"embeddable":true,"href":"https:\/\/bbp.international\/pt-br\/wp-json\/wp\/v2\/media\/690"}],"wp:attachment":[{"href":"https:\/\/bbp.international\/pt-br\/wp-json\/wp\/v2\/media?parent=663"}],"curies":[{"name":"wp","href":"https:\/\/api.w.org\/{rel}","templated":true}]}}