{"id":661,"date":"2023-02-11T04:50:38","date_gmt":"2023-02-11T11:50:38","guid":{"rendered":"https:\/\/bbp.international\/?page_id=661"},"modified":"2023-02-14T15:00:38","modified_gmt":"2023-02-14T22:00:38","slug":"ground-distribution","status":"publish","type":"page","link":"https:\/\/bbp.international\/pt-br\/ground-distribution\/","title":{"rendered":"Distribui\u00e7\u00e3o Rodovi\u00e1ria"},"content":{"rendered":"<p>A BBP Internacional oferece uma rede completa concebida para proporcionar uma visibilidade, execu\u00e7\u00e3o, flexibilidade, capacidade de resposta e confiabilidade inigual\u00e1veis. A distribui\u00e7\u00e3o rodovi\u00e1ria consiste em um transporte de cargas fracionadas, dando a possibilidade de utilizar ve\u00edculos menores que oferecem acesso a qualquer lugar e aumentando o n\u00famero de entregas feitas em um s\u00f3 dia. Este servi\u00e7o especializado vai para al\u00e9m de uma entrega padr\u00e3o. Os expedidores providenciar\u00e3o a entrega ou recupera\u00e7\u00e3o de produtos de alto valor, embalagens personalizadas antes da entrega, configura\u00e7\u00e3o no local ou remo\u00e7\u00e3o de equipamento, e a consolida\u00e7\u00e3o dos produtos.<\/p>","protected":false},"excerpt":{"rendered":"<p>BBP International offers a complete network designed to provide unmatched visibility, execution, flexibility, responsiveness and reliability. Road distribution consists of the transport of fractional loads, giving the possibility of using smaller vehicles that offer access to any location and increasing the number of deliveries made in a single day. This specialized service goes beyond a [&hellip;]<\/p>","protected":false},"author":1,"featured_media":691,"parent":0,"menu_order":0,"comment_status":"closed","ping_status":"closed","template":"","meta":{"footnotes":""},"class_list":["post-661","page","type-page","status-publish","has-post-thumbnail","hentry"],"yoast_head":"<!-- This site is optimized with the Yoast SEO plugin v20.1 - https:\/\/yoast.com\/wordpress\/plugins\/seo\/ -->\n<title>Ground Distribution - BBP International<\/title>\n<meta name=\"robots\" content=\"index, follow, max-snippet:-1, max-image-preview:large, max-video-preview:-1\" \/>\n<link rel=\"canonical\" href=\"https:\/\/bbp.international\/pt-br\/ground-distribution\/\" \/>\n<meta property=\"og:locale\" content=\"pt_BR\" \/>\n<meta property=\"og:type\" content=\"article\" \/>\n<meta property=\"og:title\" content=\"Ground Distribution - BBP International\" \/>\n<meta property=\"og:description\" content=\"BBP International offers a complete network designed to provide unmatched visibility, execution, flexibility, responsiveness and reliability. Road distribution consists of the transport of fractional loads, giving the possibility of using smaller vehicles that offer access to any location and increasing the number of deliveries made in a single day. This specialized service goes beyond a [&hellip;]\" \/>\n<meta property=\"og:url\" content=\"https:\/\/bbp.international\/pt-br\/ground-distribution\/\" \/>\n<meta property=\"og:site_name\" content=\"BBP International\" \/>\n<meta property=\"article:modified_time\" content=\"2023-02-14T22:00:38+00:00\" \/>\n<meta property=\"og:image\" content=\"https:\/\/bbp.international\/wp-content\/uploads\/2023\/02\/shutterstock_572219287-scaled.webp\" \/>\n\t<meta property=\"og:image:width\" content=\"2560\" \/>\n\t<meta property=\"og:image:height\" content=\"320\" \/>\n\t<meta property=\"og:image:type\" content=\"image\/webp\" \/>\n<meta name=\"twitter:card\" content=\"summary_large_image\" \/>\n<script type=\"application\/ld+json\" class=\"yoast-schema-graph\">{\"@context\":\"https:\/\/schema.org\",\"@graph\":[{\"@type\":\"WebPage\",\"@id\":\"https:\/\/bbp.international\/ground-distribution\/\",\"url\":\"https:\/\/bbp.international\/ground-distribution\/\",\"name\":\"Ground Distribution - BBP International\",\"isPartOf\":{\"@id\":\"https:\/\/bbp.international\/#website\"},\"datePublished\":\"2023-02-11T11:50:38+00:00\",\"dateModified\":\"2023-02-14T22:00:38+00:00\",\"breadcrumb\":{\"@id\":\"https:\/\/bbp.international\/ground-distribution\/#breadcrumb\"},\"inLanguage\":\"pt-BR\",\"potentialAction\":[{\"@type\":\"ReadAction\",\"target\":[\"https:\/\/bbp.international\/ground-distribution\/\"]}]},{\"@type\":\"BreadcrumbList\",\"@id\":\"https:\/\/bbp.international\/ground-distribution\/#breadcrumb\",\"itemListElement\":[{\"@type\":\"ListItem\",\"position\":1,\"name\":\"In\u00edcio\",\"item\":\"https:\/\/bbp.international\/\"},{\"@type\":\"ListItem\",\"position\":2,\"name\":\"Ground Distribution\"}]},{\"@type\":\"WebSite\",\"@id\":\"https:\/\/bbp.international\/#website\",\"url\":\"https:\/\/bbp.international\/\",\"name\":\"BBP International Logistics Services\",\"description\":\"BBP International Logistics Services\",\"publisher\":{\"@id\":\"https:\/\/bbp.international\/#organization\"},\"potentialAction\":[{\"@type\":\"SearchAction\",\"target\":{\"@type\":\"EntryPoint\",\"urlTemplate\":\"https:\/\/bbp.international\/?s={search_term_string}\"},\"query-input\":\"required name=search_term_string\"}],\"inLanguage\":\"pt-BR\"},{\"@type\":\"Organization\",\"@id\":\"https:\/\/bbp.international\/#organization\",\"name\":\"BBP International Logistics Services\",\"url\":\"https:\/\/bbp.international\/\",\"logo\":{\"@type\":\"ImageObject\",\"inLanguage\":\"pt-BR\",\"@id\":\"https:\/\/bbp.international\/#\/schema\/logo\/image\/\",\"url\":\"https:\/\/bbp.international\/wp-content\/uploads\/2023\/08\/BBP-INTERNATIONAL-LOGO-1.png\",\"contentUrl\":\"https:\/\/bbp.international\/wp-content\/uploads\/2023\/08\/BBP-INTERNATIONAL-LOGO-1.png\",\"width\":595,\"height\":505,\"caption\":\"BBP International Logistics Services\"},\"image\":{\"@id\":\"https:\/\/bbp.international\/#\/schema\/logo\/image\/\"}}]}<\/script>\n<!-- \/ Yoast SEO plugin. -->","yoast_head_json":{"title":"Ground Distribution - BBP International","robots":{"index":"index","follow":"follow","max-snippet":"max-snippet:-1","max-image-preview":"max-image-preview:large","max-video-preview":"max-video-preview:-1"},"canonical":"https:\/\/bbp.international\/pt-br\/ground-distribution\/","og_locale":"pt_BR","og_type":"article","og_title":"Ground Distribution - BBP International","og_description":"BBP International offers a complete network designed to provide unmatched visibility, execution, flexibility, responsiveness and reliability. Road distribution consists of the transport of fractional loads, giving the possibility of using smaller vehicles that offer access to any location and increasing the number of deliveries made in a single day. This specialized service goes beyond a [&hellip;]","og_url":"https:\/\/bbp.international\/pt-br\/ground-distribution\/","og_site_name":"BBP International","article_modified_time":"2023-02-14T22:00:38+00:00","og_image":[{"width":2560,"height":320,"url":"https:\/\/bbp.international\/wp-content\/uploads\/2023\/02\/shutterstock_572219287-scaled.webp","type":"image\/webp"}],"twitter_card":"summary_large_image","schema":{"@context":"https:\/\/schema.org","@graph":[{"@type":"WebPage","@id":"https:\/\/bbp.international\/ground-distribution\/","url":"https:\/\/bbp.international\/ground-distribution\/","name":"Ground Distribution - BBP International","isPartOf":{"@id":"https:\/\/bbp.international\/#website"},"datePublished":"2023-02-11T11:50:38+00:00","dateModified":"2023-02-14T22:00:38+00:00","breadcrumb":{"@id":"https:\/\/bbp.international\/ground-distribution\/#breadcrumb"},"inLanguage":"pt-BR","potentialAction":[{"@type":"ReadAction","target":["https:\/\/bbp.international\/ground-distribution\/"]}]},{"@type":"BreadcrumbList","@id":"https:\/\/bbp.international\/ground-distribution\/#breadcrumb","itemListElement":[{"@type":"ListItem","position":1,"name":"In\u00edcio","item":"https:\/\/bbp.international\/"},{"@type":"ListItem","position":2,"name":"Ground Distribution"}]},{"@type":"WebSite","@id":"https:\/\/bbp.international\/#website","url":"https:\/\/bbp.international\/","name":"BBP International Logistics Services","description":"BBP International Logistics Services","publisher":{"@id":"https:\/\/bbp.international\/#organization"},"potentialAction":[{"@type":"SearchAction","target":{"@type":"EntryPoint","urlTemplate":"https:\/\/bbp.international\/?s={search_term_string}"},"query-input":"required name=search_term_string"}],"inLanguage":"pt-BR"},{"@type":"Organization","@id":"https:\/\/bbp.international\/#organization","name":"BBP International Logistics Services","url":"https:\/\/bbp.international\/","logo":{"@type":"ImageObject","inLanguage":"pt-BR","@id":"https:\/\/bbp.international\/#\/schema\/logo\/image\/","url":"https:\/\/bbp.international\/wp-content\/uploads\/2023\/08\/BBP-INTERNATIONAL-LOGO-1.png","contentUrl":"https:\/\/bbp.international\/wp-content\/uploads\/2023\/08\/BBP-INTERNATIONAL-LOGO-1.png","width":595,"height":505,"caption":"BBP International Logistics Services"},"image":{"@id":"https:\/\/bbp.international\/#\/schema\/logo\/image\/"}}]}},"_links":{"self":[{"href":"https:\/\/bbp.international\/pt-br\/wp-json\/wp\/v2\/pages\/661","targetHints":{"allow":["GET"]}}],"collection":[{"href":"https:\/\/bbp.international\/pt-br\/wp-json\/wp\/v2\/pages"}],"about":[{"href":"https:\/\/bbp.international\/pt-br\/wp-json\/wp\/v2\/types\/page"}],"author":[{"embeddable":true,"href":"https:\/\/bbp.international\/pt-br\/wp-json\/wp\/v2\/users\/1"}],"replies":[{"embeddable":true,"href":"https:\/\/bbp.international\/pt-br\/wp-json\/wp\/v2\/comments?post=661"}],"version-history":[{"count":2,"href":"https:\/\/bbp.international\/pt-br\/wp-json\/wp\/v2\/pages\/661\/revisions"}],"predecessor-version":[{"id":725,"href":"https:\/\/bbp.international\/pt-br\/wp-json\/wp\/v2\/pages\/661\/revisions\/725"}],"wp:featuredmedia":[{"embeddable":true,"href":"https:\/\/bbp.international\/pt-br\/wp-json\/wp\/v2\/media\/691"}],"wp:attachment":[{"href":"https:\/\/bbp.international\/pt-br\/wp-json\/wp\/v2\/media?parent=661"}],"curies":[{"name":"wp","href":"https:\/\/api.w.org\/{rel}","templated":true}]}}