{"id":659,"date":"2023-02-11T04:49:17","date_gmt":"2023-02-11T11:49:17","guid":{"rendered":"https:\/\/bbp.international\/?page_id=659"},"modified":"2023-02-11T06:18:31","modified_gmt":"2023-02-11T13:18:31","slug":"ground-transportation","status":"publish","type":"page","link":"https:\/\/bbp.international\/pt-br\/ground-transportation\/","title":{"rendered":"Transporte Rodovi\u00e1rio"},"content":{"rendered":"<p>A BBP Internacional oferece uma rede completa concebida para proporcionar uma visibilidade, execu\u00e7\u00e3o, flexibilidade, capacidade de resposta e fiabilidade inigual\u00e1veis. Este servi\u00e7o especializado vai para al\u00e9m de uma entrega em doca padr\u00e3o. Os expedidores providenciar\u00e3o a entrega ou recupera\u00e7\u00e3o de produtos de alto valor, embalagem e engradamento personalizados antes da entrega, configura\u00e7\u00e3o no local ou remo\u00e7\u00e3o de equipamento, bem como a desembalagem e remo\u00e7\u00e3o de detritos.<\/p>","protected":false},"excerpt":{"rendered":"<p>BBP International offers an all-inclusive end-to-end network designed to deliver unmatched visibility, execution, flexibility, responsiveness and reliability. This specialized service goes above and beyond a standard dock delivery. Expeditors will arrange for delivery or retrieval of high value products, custom packing and crating before delivery, on-site setup or removal of equipment, as well as unpacking [&hellip;]<\/p>","protected":false},"author":1,"featured_media":693,"parent":0,"menu_order":0,"comment_status":"closed","ping_status":"closed","template":"","meta":{"footnotes":""},"class_list":["post-659","page","type-page","status-publish","has-post-thumbnail","hentry"],"yoast_head":"<!-- This site is optimized with the Yoast SEO plugin v20.1 - https:\/\/yoast.com\/wordpress\/plugins\/seo\/ -->\n<title>Ground Transportation - BBP International<\/title>\n<meta name=\"robots\" content=\"index, follow, max-snippet:-1, max-image-preview:large, max-video-preview:-1\" \/>\n<link rel=\"canonical\" href=\"https:\/\/bbp.international\/pt-br\/ground-transportation\/\" \/>\n<meta property=\"og:locale\" content=\"pt_BR\" \/>\n<meta property=\"og:type\" content=\"article\" \/>\n<meta property=\"og:title\" content=\"Ground Transportation - BBP International\" \/>\n<meta property=\"og:description\" content=\"BBP International offers an all-inclusive end-to-end network designed to deliver unmatched visibility, execution, flexibility, responsiveness and reliability. This specialized service goes above and beyond a standard dock delivery. Expeditors will arrange for delivery or retrieval of high value products, custom packing and crating before delivery, on-site setup or removal of equipment, as well as unpacking [&hellip;]\" \/>\n<meta property=\"og:url\" content=\"https:\/\/bbp.international\/pt-br\/ground-transportation\/\" \/>\n<meta property=\"og:site_name\" content=\"BBP International\" \/>\n<meta property=\"article:modified_time\" content=\"2023-02-11T13:18:31+00:00\" \/>\n<meta property=\"og:image\" content=\"https:\/\/bbp.international\/wp-content\/uploads\/2023\/02\/caminhao-truck-1400x460-1-e1676121505737.jpg\" \/>\n\t<meta property=\"og:image:width\" content=\"1400\" \/>\n\t<meta property=\"og:image:height\" content=\"322\" \/>\n\t<meta property=\"og:image:type\" content=\"image\/jpeg\" \/>\n<meta name=\"twitter:card\" content=\"summary_large_image\" \/>\n<script type=\"application\/ld+json\" class=\"yoast-schema-graph\">{\"@context\":\"https:\/\/schema.org\",\"@graph\":[{\"@type\":\"WebPage\",\"@id\":\"https:\/\/bbp.international\/ground-transportation\/\",\"url\":\"https:\/\/bbp.international\/ground-transportation\/\",\"name\":\"Ground Transportation - BBP International\",\"isPartOf\":{\"@id\":\"https:\/\/bbp.international\/#website\"},\"datePublished\":\"2023-02-11T11:49:17+00:00\",\"dateModified\":\"2023-02-11T13:18:31+00:00\",\"breadcrumb\":{\"@id\":\"https:\/\/bbp.international\/ground-transportation\/#breadcrumb\"},\"inLanguage\":\"pt-BR\",\"potentialAction\":[{\"@type\":\"ReadAction\",\"target\":[\"https:\/\/bbp.international\/ground-transportation\/\"]}]},{\"@type\":\"BreadcrumbList\",\"@id\":\"https:\/\/bbp.international\/ground-transportation\/#breadcrumb\",\"itemListElement\":[{\"@type\":\"ListItem\",\"position\":1,\"name\":\"In\u00edcio\",\"item\":\"https:\/\/bbp.international\/\"},{\"@type\":\"ListItem\",\"position\":2,\"name\":\"Ground Transportation\"}]},{\"@type\":\"WebSite\",\"@id\":\"https:\/\/bbp.international\/#website\",\"url\":\"https:\/\/bbp.international\/\",\"name\":\"BBP International Logistics Services\",\"description\":\"BBP International Logistics Services\",\"publisher\":{\"@id\":\"https:\/\/bbp.international\/#organization\"},\"potentialAction\":[{\"@type\":\"SearchAction\",\"target\":{\"@type\":\"EntryPoint\",\"urlTemplate\":\"https:\/\/bbp.international\/?s={search_term_string}\"},\"query-input\":\"required name=search_term_string\"}],\"inLanguage\":\"pt-BR\"},{\"@type\":\"Organization\",\"@id\":\"https:\/\/bbp.international\/#organization\",\"name\":\"BBP International Logistics Services\",\"url\":\"https:\/\/bbp.international\/\",\"logo\":{\"@type\":\"ImageObject\",\"inLanguage\":\"pt-BR\",\"@id\":\"https:\/\/bbp.international\/#\/schema\/logo\/image\/\",\"url\":\"https:\/\/bbp.international\/wp-content\/uploads\/2023\/08\/BBP-INTERNATIONAL-LOGO-1.png\",\"contentUrl\":\"https:\/\/bbp.international\/wp-content\/uploads\/2023\/08\/BBP-INTERNATIONAL-LOGO-1.png\",\"width\":595,\"height\":505,\"caption\":\"BBP International Logistics Services\"},\"image\":{\"@id\":\"https:\/\/bbp.international\/#\/schema\/logo\/image\/\"}}]}<\/script>\n<!-- \/ Yoast SEO plugin. -->","yoast_head_json":{"title":"Ground Transportation - BBP International","robots":{"index":"index","follow":"follow","max-snippet":"max-snippet:-1","max-image-preview":"max-image-preview:large","max-video-preview":"max-video-preview:-1"},"canonical":"https:\/\/bbp.international\/pt-br\/ground-transportation\/","og_locale":"pt_BR","og_type":"article","og_title":"Ground Transportation - BBP International","og_description":"BBP International offers an all-inclusive end-to-end network designed to deliver unmatched visibility, execution, flexibility, responsiveness and reliability. This specialized service goes above and beyond a standard dock delivery. Expeditors will arrange for delivery or retrieval of high value products, custom packing and crating before delivery, on-site setup or removal of equipment, as well as unpacking [&hellip;]","og_url":"https:\/\/bbp.international\/pt-br\/ground-transportation\/","og_site_name":"BBP International","article_modified_time":"2023-02-11T13:18:31+00:00","og_image":[{"width":1400,"height":322,"url":"https:\/\/bbp.international\/wp-content\/uploads\/2023\/02\/caminhao-truck-1400x460-1-e1676121505737.jpg","type":"image\/jpeg"}],"twitter_card":"summary_large_image","schema":{"@context":"https:\/\/schema.org","@graph":[{"@type":"WebPage","@id":"https:\/\/bbp.international\/ground-transportation\/","url":"https:\/\/bbp.international\/ground-transportation\/","name":"Ground Transportation - BBP International","isPartOf":{"@id":"https:\/\/bbp.international\/#website"},"datePublished":"2023-02-11T11:49:17+00:00","dateModified":"2023-02-11T13:18:31+00:00","breadcrumb":{"@id":"https:\/\/bbp.international\/ground-transportation\/#breadcrumb"},"inLanguage":"pt-BR","potentialAction":[{"@type":"ReadAction","target":["https:\/\/bbp.international\/ground-transportation\/"]}]},{"@type":"BreadcrumbList","@id":"https:\/\/bbp.international\/ground-transportation\/#breadcrumb","itemListElement":[{"@type":"ListItem","position":1,"name":"In\u00edcio","item":"https:\/\/bbp.international\/"},{"@type":"ListItem","position":2,"name":"Ground Transportation"}]},{"@type":"WebSite","@id":"https:\/\/bbp.international\/#website","url":"https:\/\/bbp.international\/","name":"BBP International Logistics Services","description":"BBP International Logistics Services","publisher":{"@id":"https:\/\/bbp.international\/#organization"},"potentialAction":[{"@type":"SearchAction","target":{"@type":"EntryPoint","urlTemplate":"https:\/\/bbp.international\/?s={search_term_string}"},"query-input":"required name=search_term_string"}],"inLanguage":"pt-BR"},{"@type":"Organization","@id":"https:\/\/bbp.international\/#organization","name":"BBP International Logistics Services","url":"https:\/\/bbp.international\/","logo":{"@type":"ImageObject","inLanguage":"pt-BR","@id":"https:\/\/bbp.international\/#\/schema\/logo\/image\/","url":"https:\/\/bbp.international\/wp-content\/uploads\/2023\/08\/BBP-INTERNATIONAL-LOGO-1.png","contentUrl":"https:\/\/bbp.international\/wp-content\/uploads\/2023\/08\/BBP-INTERNATIONAL-LOGO-1.png","width":595,"height":505,"caption":"BBP International Logistics Services"},"image":{"@id":"https:\/\/bbp.international\/#\/schema\/logo\/image\/"}}]}},"_links":{"self":[{"href":"https:\/\/bbp.international\/pt-br\/wp-json\/wp\/v2\/pages\/659","targetHints":{"allow":["GET"]}}],"collection":[{"href":"https:\/\/bbp.international\/pt-br\/wp-json\/wp\/v2\/pages"}],"about":[{"href":"https:\/\/bbp.international\/pt-br\/wp-json\/wp\/v2\/types\/page"}],"author":[{"embeddable":true,"href":"https:\/\/bbp.international\/pt-br\/wp-json\/wp\/v2\/users\/1"}],"replies":[{"embeddable":true,"href":"https:\/\/bbp.international\/pt-br\/wp-json\/wp\/v2\/comments?post=659"}],"version-history":[{"count":2,"href":"https:\/\/bbp.international\/pt-br\/wp-json\/wp\/v2\/pages\/659\/revisions"}],"predecessor-version":[{"id":695,"href":"https:\/\/bbp.international\/pt-br\/wp-json\/wp\/v2\/pages\/659\/revisions\/695"}],"wp:featuredmedia":[{"embeddable":true,"href":"https:\/\/bbp.international\/pt-br\/wp-json\/wp\/v2\/media\/693"}],"wp:attachment":[{"href":"https:\/\/bbp.international\/pt-br\/wp-json\/wp\/v2\/media?parent=659"}],"curies":[{"name":"wp","href":"https:\/\/api.w.org\/{rel}","templated":true}]}}