{"id":244,"date":"2021-12-01T17:06:03","date_gmt":"2021-12-01T17:06:03","guid":{"rendered":"https:\/\/bbp.international\/?page_id=244"},"modified":"2022-01-20T13:58:00","modified_gmt":"2022-01-20T13:58:00","slug":"areas-de-atuacao","status":"publish","type":"page","link":"https:\/\/bbp.international\/pt-br\/areas-de-atuacao\/","title":{"rendered":"\u00c1reas de atua\u00e7\u00e3o"},"content":{"rendered":"<div class=\"wp-block-columns is-layout-flex wp-container-core-columns-is-layout-9d6595d7 wp-block-columns-is-layout-flex\">\n<div class=\"wp-block-column is-layout-flow wp-block-column-is-layout-flow\" style=\"flex-basis:50%\">\n<p>Atuamos nas \u00e1reas de servi\u00e7os, com solu\u00e7\u00f5es customizadas, instala\u00e7\u00e3os, manuten\u00e7\u00e3o, entre outras, passando pelas \u00e1reas da sa\u00fade e \u00e1res de aplica\u00e7\u00f5es espec\u00edficas. Veja mais e entre em contacto para saber como poderemos ajudar.<\/p>\n<\/div>\n<\/div>\n\n\n\n<div class=\"wp-block-columns pag-atuacao is-layout-flex wp-container-core-columns-is-layout-9d6595d7 wp-block-columns-is-layout-flex\">\n<div class=\"wp-block-column is-layout-flow wp-block-column-is-layout-flow\" style=\"flex-basis:40%\">\n<div class=\"wp-block-cover has-background-dim\" style=\"min-height:228px;aspect-ratio:unset;\"><img loading=\"lazy\" decoding=\"async\" width=\"438\" height=\"270\" class=\"wp-block-cover__image-background wp-image-565\" alt=\"\" src=\"https:\/\/bbp.international\/wp-content\/uploads\/2022\/01\/Group-84-2-1.png\" data-object-fit=\"cover\" srcset=\"https:\/\/bbp.international\/wp-content\/uploads\/2022\/01\/Group-84-2-1.png 438w, https:\/\/bbp.international\/wp-content\/uploads\/2022\/01\/Group-84-2-1-300x185.png 300w, https:\/\/bbp.international\/wp-content\/uploads\/2022\/01\/Group-84-2-1-416x256.png 416w, https:\/\/bbp.international\/wp-content\/uploads\/2022\/01\/Group-84-2-1-64x39.png 64w\" sizes=\"auto, (max-width: 438px) 100vw, 438px\" \/><div class=\"wp-block-cover__inner-container is-layout-flow wp-block-cover-is-layout-flow\">\n<p class=\"has-text-align-center has-large-font-size\">sa\u00fade<\/p>\n<\/div><\/div>\n\n\n\n<p><\/p>\n<\/div>\n\n\n\n<div class=\"wp-block-column padding-top-1 is-layout-flow wp-block-column-is-layout-flow\" style=\"flex-basis:60%\">\n<p>Lorem ipsum dolor sit amet, consectetur adipiscing elit. Vestibulum tellus nulla, malesuada vitae pulvinar in, feugiat in neque. Proin placerat libero in lectus malesuada hendrerit.<\/p>\n\n\n\n<div class=\"wp-block-columns is-layout-flex wp-container-core-columns-is-layout-9d6595d7 wp-block-columns-is-layout-flex\">\n<div class=\"wp-block-column area-atuacao-list is-layout-flow wp-block-column-is-layout-flow\">\n<ul class=\"has-text-color wp-block-list\" style=\"color:#3d4043\"><li><a href=\"#\" target=\"_blank\" rel=\"noreferrer noopener\">Gesunde Luftfeuchte<\/a><\/li><li><a href=\"#\">Menschliche Korper<\/a><\/li><li><a href=\"#\">Infektionsminimierung<\/a><\/li><li><a href=\"https:\/\/bbp.international\/wp-admin\/post.php?post=244&amp;action=edit#\">Luftfeuchte im Beruf<\/a><\/li><\/ul>\n<\/div>\n\n\n\n<div class=\"wp-block-column is-layout-flow wp-block-column-is-layout-flow\"><\/div>\n<\/div>\n<\/div>\n<\/div>\n\n\n\n<div class=\"wp-block-columns pag-atuacao is-layout-flex wp-container-core-columns-is-layout-9d6595d7 wp-block-columns-is-layout-flex\">\n<div class=\"wp-block-column is-layout-flow wp-block-column-is-layout-flow\" style=\"flex-basis:40%\">\n<div class=\"wp-block-cover has-background-dim\" style=\"min-height:228px;aspect-ratio:unset;\"><img loading=\"lazy\" decoding=\"async\" width=\"438\" height=\"270\" class=\"wp-block-cover__image-background wp-image-565\" alt=\"\" src=\"https:\/\/bbp.international\/wp-content\/uploads\/2022\/01\/Group-84-2-1.png\" data-object-fit=\"cover\" srcset=\"https:\/\/bbp.international\/wp-content\/uploads\/2022\/01\/Group-84-2-1.png 438w, https:\/\/bbp.international\/wp-content\/uploads\/2022\/01\/Group-84-2-1-300x185.png 300w, https:\/\/bbp.international\/wp-content\/uploads\/2022\/01\/Group-84-2-1-416x256.png 416w, https:\/\/bbp.international\/wp-content\/uploads\/2022\/01\/Group-84-2-1-64x39.png 64w\" sizes=\"auto, (max-width: 438px) 100vw, 438px\" \/><div class=\"wp-block-cover__inner-container is-layout-flow wp-block-cover-is-layout-flow\">\n<p class=\"has-text-align-center has-large-font-size\">sa\u00fade<\/p>\n<\/div><\/div>\n\n\n\n<p><\/p>\n<\/div>\n\n\n\n<div class=\"wp-block-column padding-top-1 is-layout-flow wp-block-column-is-layout-flow\" style=\"flex-basis:60%\">\n<p>Lorem ipsum dolor sit amet, consectetur adipiscing elit. Vestibulum tellus nulla, malesuada vitae pulvinar in, feugiat in neque. Proin placerat libero in lectus malesuada hendrerit.<\/p>\n\n\n\n<div class=\"wp-block-columns is-layout-flex wp-container-core-columns-is-layout-9d6595d7 wp-block-columns-is-layout-flex\">\n<div class=\"wp-block-column area-atuacao-list is-layout-flow wp-block-column-is-layout-flow\">\n<ul class=\"has-text-color wp-block-list\" style=\"color:#3d4043\"><li><a href=\"#\" target=\"_blank\" rel=\"noreferrer noopener\">Gesunde Luftfeuchte<\/a><\/li><li><a href=\"#\">Menschliche Korper<\/a><\/li><li><a href=\"#\">Infektionsminimierung<\/a><\/li><li><a href=\"https:\/\/bbp.international\/wp-admin\/post.php?post=244&amp;action=edit#\">Luftfeuchte im Beruf<\/a><\/li><\/ul>\n<\/div>\n\n\n\n<div class=\"wp-block-column is-layout-flow wp-block-column-is-layout-flow\"><\/div>\n<\/div>\n<\/div>\n<\/div>\n\n\n\n<div class=\"wp-block-columns pag-atuacao is-layout-flex wp-container-core-columns-is-layout-9d6595d7 wp-block-columns-is-layout-flex\">\n<div class=\"wp-block-column is-layout-flow wp-block-column-is-layout-flow\" style=\"flex-basis:40%\">\n<div class=\"wp-block-cover has-background-dim\" style=\"min-height:228px;aspect-ratio:unset;\"><img loading=\"lazy\" decoding=\"async\" width=\"438\" height=\"270\" class=\"wp-block-cover__image-background wp-image-565\" alt=\"\" src=\"https:\/\/bbp.international\/wp-content\/uploads\/2022\/01\/Group-84-2-1.png\" data-object-fit=\"cover\" srcset=\"https:\/\/bbp.international\/wp-content\/uploads\/2022\/01\/Group-84-2-1.png 438w, https:\/\/bbp.international\/wp-content\/uploads\/2022\/01\/Group-84-2-1-300x185.png 300w, https:\/\/bbp.international\/wp-content\/uploads\/2022\/01\/Group-84-2-1-416x256.png 416w, https:\/\/bbp.international\/wp-content\/uploads\/2022\/01\/Group-84-2-1-64x39.png 64w\" sizes=\"auto, (max-width: 438px) 100vw, 438px\" \/><div class=\"wp-block-cover__inner-container is-layout-flow wp-block-cover-is-layout-flow\">\n<p class=\"has-text-align-center has-large-font-size\">sa\u00fade<\/p>\n<\/div><\/div>\n\n\n\n<p><\/p>\n<\/div>\n\n\n\n<div class=\"wp-block-column padding-top-1 is-layout-flow wp-block-column-is-layout-flow\" style=\"flex-basis:60%\">\n<p>Lorem ipsum dolor sit amet, consectetur adipiscing elit. Vestibulum tellus nulla, malesuada vitae pulvinar in, feugiat in neque. Proin placerat libero in lectus malesuada hendrerit.<\/p>\n\n\n\n<div class=\"wp-block-columns is-layout-flex wp-container-core-columns-is-layout-9d6595d7 wp-block-columns-is-layout-flex\">\n<div class=\"wp-block-column area-atuacao-list is-layout-flow wp-block-column-is-layout-flow\">\n<ul class=\"has-text-color wp-block-list\" style=\"color:#3d4043\"><li><a href=\"#\" target=\"_blank\" rel=\"noreferrer noopener\">Gesunde Luftfeuchte<\/a><\/li><li><a href=\"#\">Menschliche Korper<\/a><\/li><li><a href=\"#\">Infektionsminimierung<\/a><\/li><li><a href=\"https:\/\/bbp.international\/wp-admin\/post.php?post=244&amp;action=edit#\">Luftfeuchte im Beruf<\/a><\/li><\/ul>\n<\/div>\n\n\n\n<div class=\"wp-block-column is-layout-flow wp-block-column-is-layout-flow\"><\/div>\n<\/div>\n<\/div>\n<\/div>\n\n\n\n<p><\/p>","protected":false},"excerpt":{"rendered":"<p>Atuamos nas \u00e1reas de servi\u00e7os, com solu\u00e7\u00f5es customizadas, instala\u00e7\u00e3os, manuten\u00e7\u00e3o, entre outras, passando pelas \u00e1reas da sa\u00fade e \u00e1res de aplica\u00e7\u00f5es espec\u00edficas. Veja mais e entre em contacto para saber como poderemos ajudar. Lorem ipsum dolor sit amet, consectetur adipiscing elit. Vestibulum tellus nulla, malesuada vitae pulvinar in, feugiat in neque. Proin placerat libero in [&hellip;]<\/p>","protected":false},"author":1,"featured_media":0,"parent":0,"menu_order":0,"comment_status":"closed","ping_status":"closed","template":"","meta":{"footnotes":""},"class_list":["post-244","page","type-page","status-publish","hentry"],"yoast_head":"<!-- This site is optimized with the Yoast SEO plugin v20.1 - https:\/\/yoast.com\/wordpress\/plugins\/seo\/ -->\n<title>\u00c1reas de atua\u00e7\u00e3o - BBP International<\/title>\n<meta name=\"robots\" content=\"index, follow, max-snippet:-1, max-image-preview:large, max-video-preview:-1\" \/>\n<link rel=\"canonical\" href=\"https:\/\/bbp.international\/pt-br\/areas-de-atuacao\/\" \/>\n<meta property=\"og:locale\" content=\"pt_BR\" \/>\n<meta property=\"og:type\" content=\"article\" \/>\n<meta property=\"og:title\" content=\"\u00c1reas de atua\u00e7\u00e3o - BBP International\" \/>\n<meta property=\"og:description\" content=\"Atuamos nas \u00e1reas de servi\u00e7os, com solu\u00e7\u00f5es customizadas, instala\u00e7\u00e3os, manuten\u00e7\u00e3o, entre outras, passando pelas \u00e1reas da sa\u00fade e \u00e1res de aplica\u00e7\u00f5es espec\u00edficas. Veja mais e entre em contacto para saber como poderemos ajudar. Lorem ipsum dolor sit amet, consectetur adipiscing elit. Vestibulum tellus nulla, malesuada vitae pulvinar in, feugiat in neque. Proin placerat libero in [&hellip;]\" \/>\n<meta property=\"og:url\" content=\"https:\/\/bbp.international\/pt-br\/areas-de-atuacao\/\" \/>\n<meta property=\"og:site_name\" content=\"BBP International\" \/>\n<meta property=\"article:modified_time\" content=\"2022-01-20T13:58:00+00:00\" \/>\n<meta property=\"og:image\" content=\"https:\/\/bbp.international\/wp-content\/uploads\/2022\/01\/Group-84-2-1.png\" \/>\n<meta name=\"twitter:card\" content=\"summary_large_image\" \/>\n<meta name=\"twitter:label1\" content=\"Est. tempo de leitura\" \/>\n\t<meta name=\"twitter:data1\" content=\"1 minuto\" \/>\n<script type=\"application\/ld+json\" class=\"yoast-schema-graph\">{\"@context\":\"https:\/\/schema.org\",\"@graph\":[{\"@type\":\"WebPage\",\"@id\":\"https:\/\/bbp.international\/areas-de-atuacao\/\",\"url\":\"https:\/\/bbp.international\/areas-de-atuacao\/\",\"name\":\"\u00c1reas de atua\u00e7\u00e3o - BBP International\",\"isPartOf\":{\"@id\":\"https:\/\/bbp.international\/#website\"},\"datePublished\":\"2021-12-01T17:06:03+00:00\",\"dateModified\":\"2022-01-20T13:58:00+00:00\",\"breadcrumb\":{\"@id\":\"https:\/\/bbp.international\/areas-de-atuacao\/#breadcrumb\"},\"inLanguage\":\"pt-BR\",\"potentialAction\":[{\"@type\":\"ReadAction\",\"target\":[\"https:\/\/bbp.international\/areas-de-atuacao\/\"]}]},{\"@type\":\"BreadcrumbList\",\"@id\":\"https:\/\/bbp.international\/areas-de-atuacao\/#breadcrumb\",\"itemListElement\":[{\"@type\":\"ListItem\",\"position\":1,\"name\":\"In\u00edcio\",\"item\":\"https:\/\/bbp.international\/\"},{\"@type\":\"ListItem\",\"position\":2,\"name\":\"\u00c1reas de atua\u00e7\u00e3o\"}]},{\"@type\":\"WebSite\",\"@id\":\"https:\/\/bbp.international\/#website\",\"url\":\"https:\/\/bbp.international\/\",\"name\":\"BBP International Logistics Services\",\"description\":\"BBP International Logistics Services\",\"publisher\":{\"@id\":\"https:\/\/bbp.international\/#organization\"},\"potentialAction\":[{\"@type\":\"SearchAction\",\"target\":{\"@type\":\"EntryPoint\",\"urlTemplate\":\"https:\/\/bbp.international\/?s={search_term_string}\"},\"query-input\":\"required name=search_term_string\"}],\"inLanguage\":\"pt-BR\"},{\"@type\":\"Organization\",\"@id\":\"https:\/\/bbp.international\/#organization\",\"name\":\"BBP International Logistics Services\",\"url\":\"https:\/\/bbp.international\/\",\"logo\":{\"@type\":\"ImageObject\",\"inLanguage\":\"pt-BR\",\"@id\":\"https:\/\/bbp.international\/#\/schema\/logo\/image\/\",\"url\":\"https:\/\/bbp.international\/wp-content\/uploads\/2023\/08\/BBP-INTERNATIONAL-LOGO-1.png\",\"contentUrl\":\"https:\/\/bbp.international\/wp-content\/uploads\/2023\/08\/BBP-INTERNATIONAL-LOGO-1.png\",\"width\":595,\"height\":505,\"caption\":\"BBP International Logistics Services\"},\"image\":{\"@id\":\"https:\/\/bbp.international\/#\/schema\/logo\/image\/\"}}]}<\/script>\n<!-- \/ Yoast SEO plugin. -->","yoast_head_json":{"title":"\u00c1reas de atua\u00e7\u00e3o - BBP International","robots":{"index":"index","follow":"follow","max-snippet":"max-snippet:-1","max-image-preview":"max-image-preview:large","max-video-preview":"max-video-preview:-1"},"canonical":"https:\/\/bbp.international\/pt-br\/areas-de-atuacao\/","og_locale":"pt_BR","og_type":"article","og_title":"\u00c1reas de atua\u00e7\u00e3o - BBP International","og_description":"Atuamos nas \u00e1reas de servi\u00e7os, com solu\u00e7\u00f5es customizadas, instala\u00e7\u00e3os, manuten\u00e7\u00e3o, entre outras, passando pelas \u00e1reas da sa\u00fade e \u00e1res de aplica\u00e7\u00f5es espec\u00edficas. Veja mais e entre em contacto para saber como poderemos ajudar. Lorem ipsum dolor sit amet, consectetur adipiscing elit. Vestibulum tellus nulla, malesuada vitae pulvinar in, feugiat in neque. Proin placerat libero in [&hellip;]","og_url":"https:\/\/bbp.international\/pt-br\/areas-de-atuacao\/","og_site_name":"BBP International","article_modified_time":"2022-01-20T13:58:00+00:00","og_image":[{"url":"https:\/\/bbp.international\/wp-content\/uploads\/2022\/01\/Group-84-2-1.png"}],"twitter_card":"summary_large_image","twitter_misc":{"Est. tempo de leitura":"1 minuto"},"schema":{"@context":"https:\/\/schema.org","@graph":[{"@type":"WebPage","@id":"https:\/\/bbp.international\/areas-de-atuacao\/","url":"https:\/\/bbp.international\/areas-de-atuacao\/","name":"\u00c1reas de atua\u00e7\u00e3o - BBP International","isPartOf":{"@id":"https:\/\/bbp.international\/#website"},"datePublished":"2021-12-01T17:06:03+00:00","dateModified":"2022-01-20T13:58:00+00:00","breadcrumb":{"@id":"https:\/\/bbp.international\/areas-de-atuacao\/#breadcrumb"},"inLanguage":"pt-BR","potentialAction":[{"@type":"ReadAction","target":["https:\/\/bbp.international\/areas-de-atuacao\/"]}]},{"@type":"BreadcrumbList","@id":"https:\/\/bbp.international\/areas-de-atuacao\/#breadcrumb","itemListElement":[{"@type":"ListItem","position":1,"name":"In\u00edcio","item":"https:\/\/bbp.international\/"},{"@type":"ListItem","position":2,"name":"\u00c1reas de atua\u00e7\u00e3o"}]},{"@type":"WebSite","@id":"https:\/\/bbp.international\/#website","url":"https:\/\/bbp.international\/","name":"BBP International Logistics Services","description":"BBP International Logistics Services","publisher":{"@id":"https:\/\/bbp.international\/#organization"},"potentialAction":[{"@type":"SearchAction","target":{"@type":"EntryPoint","urlTemplate":"https:\/\/bbp.international\/?s={search_term_string}"},"query-input":"required name=search_term_string"}],"inLanguage":"pt-BR"},{"@type":"Organization","@id":"https:\/\/bbp.international\/#organization","name":"BBP International Logistics Services","url":"https:\/\/bbp.international\/","logo":{"@type":"ImageObject","inLanguage":"pt-BR","@id":"https:\/\/bbp.international\/#\/schema\/logo\/image\/","url":"https:\/\/bbp.international\/wp-content\/uploads\/2023\/08\/BBP-INTERNATIONAL-LOGO-1.png","contentUrl":"https:\/\/bbp.international\/wp-content\/uploads\/2023\/08\/BBP-INTERNATIONAL-LOGO-1.png","width":595,"height":505,"caption":"BBP International Logistics Services"},"image":{"@id":"https:\/\/bbp.international\/#\/schema\/logo\/image\/"}}]}},"_links":{"self":[{"href":"https:\/\/bbp.international\/pt-br\/wp-json\/wp\/v2\/pages\/244","targetHints":{"allow":["GET"]}}],"collection":[{"href":"https:\/\/bbp.international\/pt-br\/wp-json\/wp\/v2\/pages"}],"about":[{"href":"https:\/\/bbp.international\/pt-br\/wp-json\/wp\/v2\/types\/page"}],"author":[{"embeddable":true,"href":"https:\/\/bbp.international\/pt-br\/wp-json\/wp\/v2\/users\/1"}],"replies":[{"embeddable":true,"href":"https:\/\/bbp.international\/pt-br\/wp-json\/wp\/v2\/comments?post=244"}],"version-history":[{"count":29,"href":"https:\/\/bbp.international\/pt-br\/wp-json\/wp\/v2\/pages\/244\/revisions"}],"predecessor-version":[{"id":568,"href":"https:\/\/bbp.international\/pt-br\/wp-json\/wp\/v2\/pages\/244\/revisions\/568"}],"wp:attachment":[{"href":"https:\/\/bbp.international\/pt-br\/wp-json\/wp\/v2\/media?parent=244"}],"curies":[{"name":"wp","href":"https:\/\/api.w.org\/{rel}","templated":true}]}}