{"id":11,"date":"2021-10-30T15:17:30","date_gmt":"2021-10-30T18:17:30","guid":{"rendered":"https:\/\/bbp.international\/?page_id=11"},"modified":"2023-02-16T17:52:08","modified_gmt":"2023-02-17T00:52:08","slug":"about-us","status":"publish","type":"page","link":"https:\/\/bbp.international\/pt-br\/about-us\/","title":{"rendered":"Sobre n\u00f3s"},"content":{"rendered":"<figure class=\"wp-block-image size-full is-resized\"><img loading=\"lazy\" decoding=\"async\" src=\"https:\/\/bbp.international\/wp-content\/uploads\/2023\/02\/bbp-logo-certo-1.webp\" alt=\"\" class=\"wp-image-706\" width=\"237\" height=\"118\" srcset=\"https:\/\/bbp.international\/wp-content\/uploads\/2023\/02\/bbp-logo-certo-1.webp 949w, https:\/\/bbp.international\/wp-content\/uploads\/2023\/02\/bbp-logo-certo-1-300x149.webp 300w, https:\/\/bbp.international\/wp-content\/uploads\/2023\/02\/bbp-logo-certo-1-768x381.webp 768w, https:\/\/bbp.international\/wp-content\/uploads\/2023\/02\/bbp-logo-certo-1-18x9.webp 18w, https:\/\/bbp.international\/wp-content\/uploads\/2023\/02\/bbp-logo-certo-1-416x206.webp 416w\" sizes=\"auto, (max-width: 237px) 100vw, 237px\" \/><\/figure>\n\n\n\n<p>BBP Internacional trata a sua mercadoria como se fosse nossa. Entregamos a sua mercadoria em qualquer lugar nos Estados Unidos e no mundo todo, intacta, sem danos, e em pouco tempo. Trabalhamos 7 dias por semana, 24 horas por dia para assegurar que a sua mercadoria chegue ao seu destino final o mais r\u00e1pido poss\u00edvel.<\/p>\n\n\n\n<p>BBP Internacional oferece a capacidade de monitorar a sua mercadoria do in\u00edcio ao fim.<\/p>\n\n\n\n<p><strong>Vis\u00e3o <\/strong>- Ser refer\u00eancia internacional em Log\u00edstica, visando a dissemina\u00e7\u00e3o cont\u00ednua do conhecimento, de suas tend\u00eancias e das melhores pr\u00e1ticas, al\u00e9m de contribuir ativamente para a integra\u00e7\u00e3o plena das diversas cadeias de valor.<\/p>\n\n\n\n<p><strong>Miss\u00e3o <\/strong>Promover o desenvolvimento da log\u00edstica aumentando a sua representatividade; Buscar a valoriza\u00e7\u00e3o cont\u00ednua do profissional de log\u00edstica; Participar das quest\u00f5es log\u00edsticas relacionadas a infraestrutura, regulamenta\u00e7\u00f5es, marcos regulat\u00f3rios, entre outras;  Estimular oportunidades de mercado e alian\u00e7as para seus associados; Desenvolver estudos t\u00e9cnico, padronizar e regulamentar produtos e servi\u00e7os.<\/p>\n\n\n\n<p><strong>Valores <\/strong>- Agir com \u00e9tica, integridade e respeito; Buscar a excel\u00eancia nos resultados em todas as atividades desenvolvidas; Encorajar a multiplica\u00e7\u00e3o do conhecimento relacionado a log\u00edstica;  Promover o desenvolvimento sustentado perante seus p\u00fablicos; Trabalhar de modo sustent\u00e1veis diminuindo o impacto ao meio ambiente.<\/p>","protected":false},"excerpt":{"rendered":"<p>BBP International treats your merchandise as our own. We deliver your goods anywhere in the United States and in the whole world, intact, damage free, and in no time. We work 7 days a week, 24 hours a day to ensure your goods make it to its final destination as fast as possible. BBP International [&hellip;]<\/p>","protected":false},"author":1,"featured_media":658,"parent":0,"menu_order":0,"comment_status":"closed","ping_status":"closed","template":"","meta":{"footnotes":""},"class_list":["post-11","page","type-page","status-publish","has-post-thumbnail","hentry"],"yoast_head":"<!-- This site is optimized with the Yoast SEO plugin v20.1 - https:\/\/yoast.com\/wordpress\/plugins\/seo\/ -->\n<title>About us - BBP International<\/title>\n<meta name=\"robots\" content=\"index, follow, max-snippet:-1, max-image-preview:large, max-video-preview:-1\" \/>\n<link rel=\"canonical\" href=\"https:\/\/bbp.international\/pt-br\/about-us\/\" \/>\n<meta property=\"og:locale\" content=\"pt_BR\" \/>\n<meta property=\"og:type\" content=\"article\" \/>\n<meta property=\"og:title\" content=\"About us - BBP International\" \/>\n<meta property=\"og:description\" content=\"BBP International treats your merchandise as our own. We deliver your goods anywhere in the United States and in the whole world, intact, damage free, and in no time. We work 7 days a week, 24 hours a day to ensure your goods make it to its final destination as fast as possible. BBP International [&hellip;]\" \/>\n<meta property=\"og:url\" content=\"https:\/\/bbp.international\/pt-br\/about-us\/\" \/>\n<meta property=\"og:site_name\" content=\"BBP International\" \/>\n<meta property=\"article:modified_time\" content=\"2023-02-17T00:52:08+00:00\" \/>\n<meta property=\"og:image\" content=\"https:\/\/bbp.international\/wp-content\/uploads\/2023\/02\/17947-scaled-e1676115922328.jpg\" \/>\n\t<meta property=\"og:image:width\" content=\"2220\" \/>\n\t<meta property=\"og:image:height\" content=\"532\" \/>\n\t<meta property=\"og:image:type\" content=\"image\/jpeg\" \/>\n<meta name=\"twitter:card\" content=\"summary_large_image\" \/>\n<meta name=\"twitter:label1\" content=\"Est. tempo de leitura\" \/>\n\t<meta name=\"twitter:data1\" content=\"1 minuto\" \/>\n<script type=\"application\/ld+json\" class=\"yoast-schema-graph\">{\"@context\":\"https:\/\/schema.org\",\"@graph\":[{\"@type\":\"WebPage\",\"@id\":\"https:\/\/bbp.international\/about-us\/\",\"url\":\"https:\/\/bbp.international\/about-us\/\",\"name\":\"About us - BBP International\",\"isPartOf\":{\"@id\":\"https:\/\/bbp.international\/#website\"},\"datePublished\":\"2021-10-30T18:17:30+00:00\",\"dateModified\":\"2023-02-17T00:52:08+00:00\",\"breadcrumb\":{\"@id\":\"https:\/\/bbp.international\/about-us\/#breadcrumb\"},\"inLanguage\":\"pt-BR\",\"potentialAction\":[{\"@type\":\"ReadAction\",\"target\":[\"https:\/\/bbp.international\/about-us\/\"]}]},{\"@type\":\"BreadcrumbList\",\"@id\":\"https:\/\/bbp.international\/about-us\/#breadcrumb\",\"itemListElement\":[{\"@type\":\"ListItem\",\"position\":1,\"name\":\"In\u00edcio\",\"item\":\"https:\/\/bbp.international\/\"},{\"@type\":\"ListItem\",\"position\":2,\"name\":\"About us\"}]},{\"@type\":\"WebSite\",\"@id\":\"https:\/\/bbp.international\/#website\",\"url\":\"https:\/\/bbp.international\/\",\"name\":\"BBP International Logistics Services\",\"description\":\"BBP International Logistics Services\",\"publisher\":{\"@id\":\"https:\/\/bbp.international\/#organization\"},\"potentialAction\":[{\"@type\":\"SearchAction\",\"target\":{\"@type\":\"EntryPoint\",\"urlTemplate\":\"https:\/\/bbp.international\/?s={search_term_string}\"},\"query-input\":\"required name=search_term_string\"}],\"inLanguage\":\"pt-BR\"},{\"@type\":\"Organization\",\"@id\":\"https:\/\/bbp.international\/#organization\",\"name\":\"BBP International Logistics Services\",\"url\":\"https:\/\/bbp.international\/\",\"logo\":{\"@type\":\"ImageObject\",\"inLanguage\":\"pt-BR\",\"@id\":\"https:\/\/bbp.international\/#\/schema\/logo\/image\/\",\"url\":\"https:\/\/bbp.international\/wp-content\/uploads\/2023\/08\/BBP-INTERNATIONAL-LOGO-1.png\",\"contentUrl\":\"https:\/\/bbp.international\/wp-content\/uploads\/2023\/08\/BBP-INTERNATIONAL-LOGO-1.png\",\"width\":595,\"height\":505,\"caption\":\"BBP International Logistics Services\"},\"image\":{\"@id\":\"https:\/\/bbp.international\/#\/schema\/logo\/image\/\"}}]}<\/script>\n<!-- \/ Yoast SEO plugin. -->","yoast_head_json":{"title":"About us - BBP International","robots":{"index":"index","follow":"follow","max-snippet":"max-snippet:-1","max-image-preview":"max-image-preview:large","max-video-preview":"max-video-preview:-1"},"canonical":"https:\/\/bbp.international\/pt-br\/about-us\/","og_locale":"pt_BR","og_type":"article","og_title":"About us - BBP International","og_description":"BBP International treats your merchandise as our own. We deliver your goods anywhere in the United States and in the whole world, intact, damage free, and in no time. We work 7 days a week, 24 hours a day to ensure your goods make it to its final destination as fast as possible. BBP International [&hellip;]","og_url":"https:\/\/bbp.international\/pt-br\/about-us\/","og_site_name":"BBP International","article_modified_time":"2023-02-17T00:52:08+00:00","og_image":[{"width":2220,"height":532,"url":"https:\/\/bbp.international\/wp-content\/uploads\/2023\/02\/17947-scaled-e1676115922328.jpg","type":"image\/jpeg"}],"twitter_card":"summary_large_image","twitter_misc":{"Est. tempo de leitura":"1 minuto"},"schema":{"@context":"https:\/\/schema.org","@graph":[{"@type":"WebPage","@id":"https:\/\/bbp.international\/about-us\/","url":"https:\/\/bbp.international\/about-us\/","name":"About us - BBP International","isPartOf":{"@id":"https:\/\/bbp.international\/#website"},"datePublished":"2021-10-30T18:17:30+00:00","dateModified":"2023-02-17T00:52:08+00:00","breadcrumb":{"@id":"https:\/\/bbp.international\/about-us\/#breadcrumb"},"inLanguage":"pt-BR","potentialAction":[{"@type":"ReadAction","target":["https:\/\/bbp.international\/about-us\/"]}]},{"@type":"BreadcrumbList","@id":"https:\/\/bbp.international\/about-us\/#breadcrumb","itemListElement":[{"@type":"ListItem","position":1,"name":"In\u00edcio","item":"https:\/\/bbp.international\/"},{"@type":"ListItem","position":2,"name":"About us"}]},{"@type":"WebSite","@id":"https:\/\/bbp.international\/#website","url":"https:\/\/bbp.international\/","name":"BBP International Logistics Services","description":"BBP International Logistics Services","publisher":{"@id":"https:\/\/bbp.international\/#organization"},"potentialAction":[{"@type":"SearchAction","target":{"@type":"EntryPoint","urlTemplate":"https:\/\/bbp.international\/?s={search_term_string}"},"query-input":"required name=search_term_string"}],"inLanguage":"pt-BR"},{"@type":"Organization","@id":"https:\/\/bbp.international\/#organization","name":"BBP International Logistics Services","url":"https:\/\/bbp.international\/","logo":{"@type":"ImageObject","inLanguage":"pt-BR","@id":"https:\/\/bbp.international\/#\/schema\/logo\/image\/","url":"https:\/\/bbp.international\/wp-content\/uploads\/2023\/08\/BBP-INTERNATIONAL-LOGO-1.png","contentUrl":"https:\/\/bbp.international\/wp-content\/uploads\/2023\/08\/BBP-INTERNATIONAL-LOGO-1.png","width":595,"height":505,"caption":"BBP International Logistics Services"},"image":{"@id":"https:\/\/bbp.international\/#\/schema\/logo\/image\/"}}]}},"_links":{"self":[{"href":"https:\/\/bbp.international\/pt-br\/wp-json\/wp\/v2\/pages\/11","targetHints":{"allow":["GET"]}}],"collection":[{"href":"https:\/\/bbp.international\/pt-br\/wp-json\/wp\/v2\/pages"}],"about":[{"href":"https:\/\/bbp.international\/pt-br\/wp-json\/wp\/v2\/types\/page"}],"author":[{"embeddable":true,"href":"https:\/\/bbp.international\/pt-br\/wp-json\/wp\/v2\/users\/1"}],"replies":[{"embeddable":true,"href":"https:\/\/bbp.international\/pt-br\/wp-json\/wp\/v2\/comments?post=11"}],"version-history":[{"count":7,"href":"https:\/\/bbp.international\/pt-br\/wp-json\/wp\/v2\/pages\/11\/revisions"}],"predecessor-version":[{"id":804,"href":"https:\/\/bbp.international\/pt-br\/wp-json\/wp\/v2\/pages\/11\/revisions\/804"}],"wp:featuredmedia":[{"embeddable":true,"href":"https:\/\/bbp.international\/pt-br\/wp-json\/wp\/v2\/media\/658"}],"wp:attachment":[{"href":"https:\/\/bbp.international\/pt-br\/wp-json\/wp\/v2\/media?parent=11"}],"curies":[{"name":"wp","href":"https:\/\/api.w.org\/{rel}","templated":true}]}}